{"id":3692,"date":"2025-06-24T16:02:11","date_gmt":"2025-06-24T14:02:11","guid":{"rendered":"https:\/\/www.harner.fr\/lacave\/?post_type=product&#038;p=3692"},"modified":"2025-06-24T16:39:56","modified_gmt":"2025-06-24T14:39:56","slug":"saint-veran-les-deux-roches","status":"publish","type":"product","link":"https:\/\/www.harner.fr\/lacave\/product\/saint-veran-les-deux-roches\/","title":{"rendered":"SAINT V\u00c9RAN \u00ab\u00a0LES DEUX ROCHES\u00a0\u00bb"},"content":{"rendered":"<p>le<\/p>\n","protected":false},"excerpt":{"rendered":"<p><b>C\u00e9page : Chardonnay<\/b><\/p>\n<p class=\"p1\">in blanc \u00e0 base de Chardonnay, offrant des ar\u00f4mes de fruits blancs (pomme, poire) et de fleurs, avec une belle fra\u00eecheur et une l\u00e9g\u00e8re touche min\u00e9rale. En bouche, il est rond, \u00e9l\u00e9gant et bien \u00e9quilibr\u00e9. Parfait avec poissons, volailles ou fromages doux.<\/p>\n","protected":false},"featured_media":0,"template":"","meta":[],"product_brand":[],"product_cat":[23,31,32],"product_tag":[],"class_list":{"0":"post-3692","1":"product","2":"type-product","3":"status-publish","5":"product_cat-la-selection-de-chapoutier","6":"product_cat-vins","7":"product_cat-vins-blancs","9":"first","10":"instock","11":"shipping-taxable","12":"purchasable","13":"product-type-simple"},"yoast_head":"<!-- This site is optimized with the Yoast SEO plugin v25.3 - https:\/\/yoast.com\/wordpress\/plugins\/seo\/ -->\n<title>SAINT V\u00c9RAN &quot;LES DEUX ROCHES&quot; - La Cave du Harner<\/title>\n<meta name=\"robots\" content=\"index, follow, max-snippet:-1, max-image-preview:large, max-video-preview:-1\" \/>\n<link rel=\"canonical\" href=\"https:\/\/www.harner.fr\/lacave\/product\/saint-veran-les-deux-roches\/\" \/>\n<meta property=\"og:locale\" content=\"fr_FR\" \/>\n<meta property=\"og:type\" content=\"article\" \/>\n<meta property=\"og:title\" content=\"SAINT V\u00c9RAN &quot;LES DEUX ROCHES&quot; - La Cave du Harner\" \/>\n<meta property=\"og:description\" content=\"C\u00e9page : Chardonnay in blanc \u00e0 base de Chardonnay, offrant des ar\u00f4mes de fruits blancs (pomme, poire) et de fleurs, avec une belle fra\u00eecheur et une l\u00e9g\u00e8re touche min\u00e9rale. En bouche, il est rond, \u00e9l\u00e9gant et bien \u00e9quilibr\u00e9. Parfait avec poissons, volailles ou fromages doux.\" \/>\n<meta property=\"og:url\" content=\"https:\/\/www.harner.fr\/lacave\/product\/saint-veran-les-deux-roches\/\" \/>\n<meta property=\"og:site_name\" content=\"La Cave du Harner\" \/>\n<meta property=\"article:modified_time\" content=\"2025-06-24T14:39:56+00:00\" \/>\n<meta name=\"twitter:card\" content=\"summary_large_image\" \/>\n<meta name=\"twitter:label1\" content=\"Dur\u00e9e de lecture estim\u00e9e\" \/>\n\t<meta name=\"twitter:data1\" content=\"1 minute\" \/>\n<script type=\"application\/ld+json\" class=\"yoast-schema-graph\">{\"@context\":\"https:\/\/schema.org\",\"@graph\":[{\"@type\":\"WebPage\",\"@id\":\"https:\/\/www.harner.fr\/lacave\/product\/saint-veran-les-deux-roches\/\",\"url\":\"https:\/\/www.harner.fr\/lacave\/product\/saint-veran-les-deux-roches\/\",\"name\":\"SAINT V\u00c9RAN \\\"LES DEUX ROCHES\\\" - La Cave du Harner\",\"isPartOf\":{\"@id\":\"https:\/\/www.harner.fr\/lacave\/#website\"},\"datePublished\":\"2025-06-24T14:02:11+00:00\",\"dateModified\":\"2025-06-24T14:39:56+00:00\",\"breadcrumb\":{\"@id\":\"https:\/\/www.harner.fr\/lacave\/product\/saint-veran-les-deux-roches\/#breadcrumb\"},\"inLanguage\":\"fr-FR\",\"potentialAction\":[{\"@type\":\"ReadAction\",\"target\":[\"https:\/\/www.harner.fr\/lacave\/product\/saint-veran-les-deux-roches\/\"]}]},{\"@type\":\"BreadcrumbList\",\"@id\":\"https:\/\/www.harner.fr\/lacave\/product\/saint-veran-les-deux-roches\/#breadcrumb\",\"itemListElement\":[{\"@type\":\"ListItem\",\"position\":1,\"name\":\"Accueil\",\"item\":\"https:\/\/www.harner.fr\/lacave\/\"},{\"@type\":\"ListItem\",\"position\":2,\"name\":\"Shop\",\"item\":\"https:\/\/www.harner.fr\/lacave\/shop\/\"},{\"@type\":\"ListItem\",\"position\":3,\"name\":\"SAINT V\u00c9RAN \u00ab\u00a0LES DEUX ROCHES\u00a0\u00bb\"}]},{\"@type\":\"WebSite\",\"@id\":\"https:\/\/www.harner.fr\/lacave\/#website\",\"url\":\"https:\/\/www.harner.fr\/lacave\/\",\"name\":\"La Cave du Harner\",\"description\":\"Notre s\u00e9lection de vins\",\"publisher\":{\"@id\":\"https:\/\/www.harner.fr\/lacave\/#organization\"},\"potentialAction\":[{\"@type\":\"SearchAction\",\"target\":{\"@type\":\"EntryPoint\",\"urlTemplate\":\"https:\/\/www.harner.fr\/lacave\/?s={search_term_string}\"},\"query-input\":{\"@type\":\"PropertyValueSpecification\",\"valueRequired\":true,\"valueName\":\"search_term_string\"}}],\"inLanguage\":\"fr-FR\"},{\"@type\":\"Organization\",\"@id\":\"https:\/\/www.harner.fr\/lacave\/#organization\",\"name\":\"La Cave du Harner\",\"url\":\"https:\/\/www.harner.fr\/lacave\/\",\"logo\":{\"@type\":\"ImageObject\",\"inLanguage\":\"fr-FR\",\"@id\":\"https:\/\/www.harner.fr\/lacave\/#\/schema\/logo\/image\/\",\"url\":\"https:\/\/www.harner.fr\/lacave\/wp-content\/uploads\/sites\/3\/2021\/06\/cropped-logo.png\",\"contentUrl\":\"https:\/\/www.harner.fr\/lacave\/wp-content\/uploads\/sites\/3\/2021\/06\/cropped-logo.png\",\"width\":349,\"height\":80,\"caption\":\"La Cave du Harner\"},\"image\":{\"@id\":\"https:\/\/www.harner.fr\/lacave\/#\/schema\/logo\/image\/\"}}]}<\/script>\n<!-- \/ Yoast SEO plugin. -->","yoast_head_json":{"title":"SAINT V\u00c9RAN \"LES DEUX ROCHES\" - La Cave du Harner","robots":{"index":"index","follow":"follow","max-snippet":"max-snippet:-1","max-image-preview":"max-image-preview:large","max-video-preview":"max-video-preview:-1"},"canonical":"https:\/\/www.harner.fr\/lacave\/product\/saint-veran-les-deux-roches\/","og_locale":"fr_FR","og_type":"article","og_title":"SAINT V\u00c9RAN \"LES DEUX ROCHES\" - La Cave du Harner","og_description":"C\u00e9page : Chardonnay in blanc \u00e0 base de Chardonnay, offrant des ar\u00f4mes de fruits blancs (pomme, poire) et de fleurs, avec une belle fra\u00eecheur et une l\u00e9g\u00e8re touche min\u00e9rale. En bouche, il est rond, \u00e9l\u00e9gant et bien \u00e9quilibr\u00e9. Parfait avec poissons, volailles ou fromages doux.","og_url":"https:\/\/www.harner.fr\/lacave\/product\/saint-veran-les-deux-roches\/","og_site_name":"La Cave du Harner","article_modified_time":"2025-06-24T14:39:56+00:00","twitter_card":"summary_large_image","twitter_misc":{"Dur\u00e9e de lecture estim\u00e9e":"1 minute"},"schema":{"@context":"https:\/\/schema.org","@graph":[{"@type":"WebPage","@id":"https:\/\/www.harner.fr\/lacave\/product\/saint-veran-les-deux-roches\/","url":"https:\/\/www.harner.fr\/lacave\/product\/saint-veran-les-deux-roches\/","name":"SAINT V\u00c9RAN \"LES DEUX ROCHES\" - La Cave du Harner","isPartOf":{"@id":"https:\/\/www.harner.fr\/lacave\/#website"},"datePublished":"2025-06-24T14:02:11+00:00","dateModified":"2025-06-24T14:39:56+00:00","breadcrumb":{"@id":"https:\/\/www.harner.fr\/lacave\/product\/saint-veran-les-deux-roches\/#breadcrumb"},"inLanguage":"fr-FR","potentialAction":[{"@type":"ReadAction","target":["https:\/\/www.harner.fr\/lacave\/product\/saint-veran-les-deux-roches\/"]}]},{"@type":"BreadcrumbList","@id":"https:\/\/www.harner.fr\/lacave\/product\/saint-veran-les-deux-roches\/#breadcrumb","itemListElement":[{"@type":"ListItem","position":1,"name":"Accueil","item":"https:\/\/www.harner.fr\/lacave\/"},{"@type":"ListItem","position":2,"name":"Shop","item":"https:\/\/www.harner.fr\/lacave\/shop\/"},{"@type":"ListItem","position":3,"name":"SAINT V\u00c9RAN \u00ab\u00a0LES DEUX ROCHES\u00a0\u00bb"}]},{"@type":"WebSite","@id":"https:\/\/www.harner.fr\/lacave\/#website","url":"https:\/\/www.harner.fr\/lacave\/","name":"La Cave du Harner","description":"Notre s\u00e9lection de vins","publisher":{"@id":"https:\/\/www.harner.fr\/lacave\/#organization"},"potentialAction":[{"@type":"SearchAction","target":{"@type":"EntryPoint","urlTemplate":"https:\/\/www.harner.fr\/lacave\/?s={search_term_string}"},"query-input":{"@type":"PropertyValueSpecification","valueRequired":true,"valueName":"search_term_string"}}],"inLanguage":"fr-FR"},{"@type":"Organization","@id":"https:\/\/www.harner.fr\/lacave\/#organization","name":"La Cave du Harner","url":"https:\/\/www.harner.fr\/lacave\/","logo":{"@type":"ImageObject","inLanguage":"fr-FR","@id":"https:\/\/www.harner.fr\/lacave\/#\/schema\/logo\/image\/","url":"https:\/\/www.harner.fr\/lacave\/wp-content\/uploads\/sites\/3\/2021\/06\/cropped-logo.png","contentUrl":"https:\/\/www.harner.fr\/lacave\/wp-content\/uploads\/sites\/3\/2021\/06\/cropped-logo.png","width":349,"height":80,"caption":"La Cave du Harner"},"image":{"@id":"https:\/\/www.harner.fr\/lacave\/#\/schema\/logo\/image\/"}}]}},"_links":{"self":[{"href":"https:\/\/www.harner.fr\/lacave\/wp-json\/wp\/v2\/product\/3692","targetHints":{"allow":["GET"]}}],"collection":[{"href":"https:\/\/www.harner.fr\/lacave\/wp-json\/wp\/v2\/product"}],"about":[{"href":"https:\/\/www.harner.fr\/lacave\/wp-json\/wp\/v2\/types\/product"}],"wp:attachment":[{"href":"https:\/\/www.harner.fr\/lacave\/wp-json\/wp\/v2\/media?parent=3692"}],"wp:term":[{"taxonomy":"product_brand","embeddable":true,"href":"https:\/\/www.harner.fr\/lacave\/wp-json\/wp\/v2\/product_brand?post=3692"},{"taxonomy":"product_cat","embeddable":true,"href":"https:\/\/www.harner.fr\/lacave\/wp-json\/wp\/v2\/product_cat?post=3692"},{"taxonomy":"product_tag","embeddable":true,"href":"https:\/\/www.harner.fr\/lacave\/wp-json\/wp\/v2\/product_tag?post=3692"}],"curies":[{"name":"wp","href":"https:\/\/api.w.org\/{rel}","templated":true}]}}