{"id":3691,"date":"2025-06-24T15:59:41","date_gmt":"2025-06-24T13:59:41","guid":{"rendered":"https:\/\/www.harner.fr\/lacave\/?post_type=product&#038;p=3691"},"modified":"2025-06-24T16:40:18","modified_gmt":"2025-06-24T14:40:18","slug":"saint-peray-les-tanneurs","status":"publish","type":"product","link":"https:\/\/www.harner.fr\/lacave\/product\/saint-peray-les-tanneurs\/","title":{"rendered":"SAINT-PERAY  \u00ab\u00a0LES TANNEURS\u00a0\u00bb"},"content":{"rendered":"<p>le<\/p>\n","protected":false},"excerpt":{"rendered":"<p><b>C\u00e9page : Marsanne<\/b><\/p>\n<p class=\"p1\">Vin blanc \u00e9l\u00e9gant \u00e0 base de Marsanne, avec des ar\u00f4mes d\u00e9licats de fleurs blanches, de miel et de fruits \u00e0 chair blanche. Rondeur et fra\u00eecheur s\u2019\u00e9quilibrent pour une bouche suave et raffin\u00e9e. Parfait avec poissons, crustac\u00e9s ou fromages doux.<\/p>\n","protected":false},"featured_media":0,"template":"","meta":[],"product_brand":[],"product_cat":[23,31,32],"product_tag":[],"class_list":{"0":"post-3691","1":"product","2":"type-product","3":"status-publish","5":"product_cat-la-selection-de-chapoutier","6":"product_cat-vins","7":"product_cat-vins-blancs","9":"first","10":"instock","11":"shipping-taxable","12":"purchasable","13":"product-type-simple"},"yoast_head":"<!-- This site is optimized with the Yoast SEO plugin v25.3 - https:\/\/yoast.com\/wordpress\/plugins\/seo\/ -->\n<title>SAINT-PERAY &quot;LES TANNEURS&quot; - La Cave du Harner<\/title>\n<meta name=\"robots\" content=\"index, follow, max-snippet:-1, max-image-preview:large, max-video-preview:-1\" \/>\n<link rel=\"canonical\" href=\"https:\/\/www.harner.fr\/lacave\/product\/saint-peray-les-tanneurs\/\" \/>\n<meta property=\"og:locale\" content=\"fr_FR\" \/>\n<meta property=\"og:type\" content=\"article\" \/>\n<meta property=\"og:title\" content=\"SAINT-PERAY &quot;LES TANNEURS&quot; - La Cave du Harner\" \/>\n<meta property=\"og:description\" content=\"C\u00e9page : Marsanne Vin blanc \u00e9l\u00e9gant \u00e0 base de Marsanne, avec des ar\u00f4mes d\u00e9licats de fleurs blanches, de miel et de fruits \u00e0 chair blanche. Rondeur et fra\u00eecheur s\u2019\u00e9quilibrent pour une bouche suave et raffin\u00e9e. Parfait avec poissons, crustac\u00e9s ou fromages doux.\" \/>\n<meta property=\"og:url\" content=\"https:\/\/www.harner.fr\/lacave\/product\/saint-peray-les-tanneurs\/\" \/>\n<meta property=\"og:site_name\" content=\"La Cave du Harner\" \/>\n<meta property=\"article:modified_time\" content=\"2025-06-24T14:40:18+00:00\" \/>\n<meta name=\"twitter:card\" content=\"summary_large_image\" \/>\n<meta name=\"twitter:label1\" content=\"Dur\u00e9e de lecture estim\u00e9e\" \/>\n\t<meta name=\"twitter:data1\" content=\"1 minute\" \/>\n<script type=\"application\/ld+json\" class=\"yoast-schema-graph\">{\"@context\":\"https:\/\/schema.org\",\"@graph\":[{\"@type\":\"WebPage\",\"@id\":\"https:\/\/www.harner.fr\/lacave\/product\/saint-peray-les-tanneurs\/\",\"url\":\"https:\/\/www.harner.fr\/lacave\/product\/saint-peray-les-tanneurs\/\",\"name\":\"SAINT-PERAY \\\"LES TANNEURS\\\" - La Cave du Harner\",\"isPartOf\":{\"@id\":\"https:\/\/www.harner.fr\/lacave\/#website\"},\"datePublished\":\"2025-06-24T13:59:41+00:00\",\"dateModified\":\"2025-06-24T14:40:18+00:00\",\"breadcrumb\":{\"@id\":\"https:\/\/www.harner.fr\/lacave\/product\/saint-peray-les-tanneurs\/#breadcrumb\"},\"inLanguage\":\"fr-FR\",\"potentialAction\":[{\"@type\":\"ReadAction\",\"target\":[\"https:\/\/www.harner.fr\/lacave\/product\/saint-peray-les-tanneurs\/\"]}]},{\"@type\":\"BreadcrumbList\",\"@id\":\"https:\/\/www.harner.fr\/lacave\/product\/saint-peray-les-tanneurs\/#breadcrumb\",\"itemListElement\":[{\"@type\":\"ListItem\",\"position\":1,\"name\":\"Accueil\",\"item\":\"https:\/\/www.harner.fr\/lacave\/\"},{\"@type\":\"ListItem\",\"position\":2,\"name\":\"Shop\",\"item\":\"https:\/\/www.harner.fr\/lacave\/shop\/\"},{\"@type\":\"ListItem\",\"position\":3,\"name\":\"SAINT-PERAY \u00ab\u00a0LES TANNEURS\u00a0\u00bb\"}]},{\"@type\":\"WebSite\",\"@id\":\"https:\/\/www.harner.fr\/lacave\/#website\",\"url\":\"https:\/\/www.harner.fr\/lacave\/\",\"name\":\"La Cave du Harner\",\"description\":\"Notre s\u00e9lection de vins\",\"publisher\":{\"@id\":\"https:\/\/www.harner.fr\/lacave\/#organization\"},\"potentialAction\":[{\"@type\":\"SearchAction\",\"target\":{\"@type\":\"EntryPoint\",\"urlTemplate\":\"https:\/\/www.harner.fr\/lacave\/?s={search_term_string}\"},\"query-input\":{\"@type\":\"PropertyValueSpecification\",\"valueRequired\":true,\"valueName\":\"search_term_string\"}}],\"inLanguage\":\"fr-FR\"},{\"@type\":\"Organization\",\"@id\":\"https:\/\/www.harner.fr\/lacave\/#organization\",\"name\":\"La Cave du Harner\",\"url\":\"https:\/\/www.harner.fr\/lacave\/\",\"logo\":{\"@type\":\"ImageObject\",\"inLanguage\":\"fr-FR\",\"@id\":\"https:\/\/www.harner.fr\/lacave\/#\/schema\/logo\/image\/\",\"url\":\"https:\/\/www.harner.fr\/lacave\/wp-content\/uploads\/sites\/3\/2021\/06\/cropped-logo.png\",\"contentUrl\":\"https:\/\/www.harner.fr\/lacave\/wp-content\/uploads\/sites\/3\/2021\/06\/cropped-logo.png\",\"width\":349,\"height\":80,\"caption\":\"La Cave du Harner\"},\"image\":{\"@id\":\"https:\/\/www.harner.fr\/lacave\/#\/schema\/logo\/image\/\"}}]}<\/script>\n<!-- \/ Yoast SEO plugin. -->","yoast_head_json":{"title":"SAINT-PERAY \"LES TANNEURS\" - La Cave du Harner","robots":{"index":"index","follow":"follow","max-snippet":"max-snippet:-1","max-image-preview":"max-image-preview:large","max-video-preview":"max-video-preview:-1"},"canonical":"https:\/\/www.harner.fr\/lacave\/product\/saint-peray-les-tanneurs\/","og_locale":"fr_FR","og_type":"article","og_title":"SAINT-PERAY \"LES TANNEURS\" - La Cave du Harner","og_description":"C\u00e9page : Marsanne Vin blanc \u00e9l\u00e9gant \u00e0 base de Marsanne, avec des ar\u00f4mes d\u00e9licats de fleurs blanches, de miel et de fruits \u00e0 chair blanche. Rondeur et fra\u00eecheur s\u2019\u00e9quilibrent pour une bouche suave et raffin\u00e9e. Parfait avec poissons, crustac\u00e9s ou fromages doux.","og_url":"https:\/\/www.harner.fr\/lacave\/product\/saint-peray-les-tanneurs\/","og_site_name":"La Cave du Harner","article_modified_time":"2025-06-24T14:40:18+00:00","twitter_card":"summary_large_image","twitter_misc":{"Dur\u00e9e de lecture estim\u00e9e":"1 minute"},"schema":{"@context":"https:\/\/schema.org","@graph":[{"@type":"WebPage","@id":"https:\/\/www.harner.fr\/lacave\/product\/saint-peray-les-tanneurs\/","url":"https:\/\/www.harner.fr\/lacave\/product\/saint-peray-les-tanneurs\/","name":"SAINT-PERAY \"LES TANNEURS\" - La Cave du Harner","isPartOf":{"@id":"https:\/\/www.harner.fr\/lacave\/#website"},"datePublished":"2025-06-24T13:59:41+00:00","dateModified":"2025-06-24T14:40:18+00:00","breadcrumb":{"@id":"https:\/\/www.harner.fr\/lacave\/product\/saint-peray-les-tanneurs\/#breadcrumb"},"inLanguage":"fr-FR","potentialAction":[{"@type":"ReadAction","target":["https:\/\/www.harner.fr\/lacave\/product\/saint-peray-les-tanneurs\/"]}]},{"@type":"BreadcrumbList","@id":"https:\/\/www.harner.fr\/lacave\/product\/saint-peray-les-tanneurs\/#breadcrumb","itemListElement":[{"@type":"ListItem","position":1,"name":"Accueil","item":"https:\/\/www.harner.fr\/lacave\/"},{"@type":"ListItem","position":2,"name":"Shop","item":"https:\/\/www.harner.fr\/lacave\/shop\/"},{"@type":"ListItem","position":3,"name":"SAINT-PERAY \u00ab\u00a0LES TANNEURS\u00a0\u00bb"}]},{"@type":"WebSite","@id":"https:\/\/www.harner.fr\/lacave\/#website","url":"https:\/\/www.harner.fr\/lacave\/","name":"La Cave du Harner","description":"Notre s\u00e9lection de vins","publisher":{"@id":"https:\/\/www.harner.fr\/lacave\/#organization"},"potentialAction":[{"@type":"SearchAction","target":{"@type":"EntryPoint","urlTemplate":"https:\/\/www.harner.fr\/lacave\/?s={search_term_string}"},"query-input":{"@type":"PropertyValueSpecification","valueRequired":true,"valueName":"search_term_string"}}],"inLanguage":"fr-FR"},{"@type":"Organization","@id":"https:\/\/www.harner.fr\/lacave\/#organization","name":"La Cave du Harner","url":"https:\/\/www.harner.fr\/lacave\/","logo":{"@type":"ImageObject","inLanguage":"fr-FR","@id":"https:\/\/www.harner.fr\/lacave\/#\/schema\/logo\/image\/","url":"https:\/\/www.harner.fr\/lacave\/wp-content\/uploads\/sites\/3\/2021\/06\/cropped-logo.png","contentUrl":"https:\/\/www.harner.fr\/lacave\/wp-content\/uploads\/sites\/3\/2021\/06\/cropped-logo.png","width":349,"height":80,"caption":"La Cave du Harner"},"image":{"@id":"https:\/\/www.harner.fr\/lacave\/#\/schema\/logo\/image\/"}}]}},"_links":{"self":[{"href":"https:\/\/www.harner.fr\/lacave\/wp-json\/wp\/v2\/product\/3691","targetHints":{"allow":["GET"]}}],"collection":[{"href":"https:\/\/www.harner.fr\/lacave\/wp-json\/wp\/v2\/product"}],"about":[{"href":"https:\/\/www.harner.fr\/lacave\/wp-json\/wp\/v2\/types\/product"}],"wp:attachment":[{"href":"https:\/\/www.harner.fr\/lacave\/wp-json\/wp\/v2\/media?parent=3691"}],"wp:term":[{"taxonomy":"product_brand","embeddable":true,"href":"https:\/\/www.harner.fr\/lacave\/wp-json\/wp\/v2\/product_brand?post=3691"},{"taxonomy":"product_cat","embeddable":true,"href":"https:\/\/www.harner.fr\/lacave\/wp-json\/wp\/v2\/product_cat?post=3691"},{"taxonomy":"product_tag","embeddable":true,"href":"https:\/\/www.harner.fr\/lacave\/wp-json\/wp\/v2\/product_tag?post=3691"}],"curies":[{"name":"wp","href":"https:\/\/api.w.org\/{rel}","templated":true}]}}