{"id":3490,"date":"2021-06-16T17:09:17","date_gmt":"2021-06-16T15:09:17","guid":{"rendered":"https:\/\/www.harner.fr\/2021multisites\/lacave\/?post_type=product&#038;p=3490"},"modified":"2025-05-27T19:56:59","modified_gmt":"2025-05-27T17:56:59","slug":"aop-sancerre-le-rochoy-sauvignon-blanc","status":"publish","type":"product","link":"https:\/\/www.harner.fr\/lacave\/product\/aop-sancerre-le-rochoy-sauvignon-blanc\/","title":{"rendered":"AOP Sancerre\u00a0&#8211; Domaine Vacheron"},"content":{"rendered":"","protected":false},"excerpt":{"rendered":"<p style=\"font-weight: 400;\">Il est dot\u00e9 d\u2019une robe or p\u00e2le et limpide avec des reflets verts.<\/p>\n<p style=\"font-weight: 400;\">Au nez, il est frais et compl\u00e9t\u00e9 par une pointe de fleurs blanches et d\u2019agrumes.<\/p>\n<p style=\"font-weight: 400;\">En bouche, le bouquet est fin et \u00e9l\u00e9gant et des saveurs de fruits blancs persistent au palais.<\/p>\n<p style=\"font-weight: 400;\">Il se marie \u00e0 merveille avec des crustac\u00e9s, du poisson, de la viande blanche en sauce ou du fromage.<\/p>\n","protected":false},"featured_media":3530,"template":"","meta":[],"product_brand":[],"product_cat":[31,32],"product_tag":[],"class_list":{"0":"post-3490","1":"product","2":"type-product","3":"status-publish","4":"has-post-thumbnail","6":"product_cat-vins","7":"product_cat-vins-blancs","9":"first","10":"instock","11":"shipping-taxable","12":"purchasable","13":"product-type-simple"},"yoast_head":"<!-- This site is optimized with the Yoast SEO plugin v25.3 - https:\/\/yoast.com\/wordpress\/plugins\/seo\/ -->\n<title>AOP Sancerre\u00a0- Domaine Vacheron - La Cave du Harner<\/title>\n<meta name=\"robots\" content=\"index, follow, max-snippet:-1, max-image-preview:large, max-video-preview:-1\" \/>\n<link rel=\"canonical\" href=\"https:\/\/www.harner.fr\/lacave\/product\/aop-sancerre-le-rochoy-sauvignon-blanc\/\" \/>\n<meta property=\"og:locale\" content=\"fr_FR\" \/>\n<meta property=\"og:type\" content=\"article\" \/>\n<meta property=\"og:title\" content=\"AOP Sancerre\u00a0- Domaine Vacheron - La Cave du Harner\" \/>\n<meta property=\"og:description\" content=\"Il est dot\u00e9 d\u2019une robe or p\u00e2le et limpide avec des reflets verts. Au nez, il est frais et compl\u00e9t\u00e9 par une pointe de fleurs blanches et d\u2019agrumes. En bouche, le bouquet est fin et \u00e9l\u00e9gant et des saveurs de fruits blancs persistent au palais. Il se marie \u00e0 merveille avec des crustac\u00e9s, du poisson, de la viande blanche en sauce ou du fromage.\" \/>\n<meta property=\"og:url\" content=\"https:\/\/www.harner.fr\/lacave\/product\/aop-sancerre-le-rochoy-sauvignon-blanc\/\" \/>\n<meta property=\"og:site_name\" content=\"La Cave du Harner\" \/>\n<meta property=\"article:modified_time\" content=\"2025-05-27T17:56:59+00:00\" \/>\n<meta property=\"og:image\" content=\"https:\/\/www.harner.fr\/lacave\/wp-content\/uploads\/sites\/3\/2021\/06\/terroir-de-siles.jpg\" \/>\n\t<meta property=\"og:image:width\" content=\"1200\" \/>\n\t<meta property=\"og:image:height\" content=\"1600\" \/>\n\t<meta property=\"og:image:type\" content=\"image\/jpeg\" \/>\n<meta name=\"twitter:card\" content=\"summary_large_image\" \/>\n<meta name=\"twitter:label1\" content=\"Dur\u00e9e de lecture estim\u00e9e\" \/>\n\t<meta name=\"twitter:data1\" content=\"1 minute\" \/>\n<script type=\"application\/ld+json\" class=\"yoast-schema-graph\">{\"@context\":\"https:\/\/schema.org\",\"@graph\":[{\"@type\":\"WebPage\",\"@id\":\"https:\/\/www.harner.fr\/lacave\/product\/aop-sancerre-le-rochoy-sauvignon-blanc\/\",\"url\":\"https:\/\/www.harner.fr\/lacave\/product\/aop-sancerre-le-rochoy-sauvignon-blanc\/\",\"name\":\"AOP Sancerre\u00a0- Domaine Vacheron - La Cave du Harner\",\"isPartOf\":{\"@id\":\"https:\/\/www.harner.fr\/lacave\/#website\"},\"primaryImageOfPage\":{\"@id\":\"https:\/\/www.harner.fr\/lacave\/product\/aop-sancerre-le-rochoy-sauvignon-blanc\/#primaryimage\"},\"image\":{\"@id\":\"https:\/\/www.harner.fr\/lacave\/product\/aop-sancerre-le-rochoy-sauvignon-blanc\/#primaryimage\"},\"thumbnailUrl\":\"https:\/\/www.harner.fr\/lacave\/wp-content\/uploads\/sites\/3\/2021\/06\/terroir-de-siles.jpg\",\"datePublished\":\"2021-06-16T15:09:17+00:00\",\"dateModified\":\"2025-05-27T17:56:59+00:00\",\"breadcrumb\":{\"@id\":\"https:\/\/www.harner.fr\/lacave\/product\/aop-sancerre-le-rochoy-sauvignon-blanc\/#breadcrumb\"},\"inLanguage\":\"fr-FR\",\"potentialAction\":[{\"@type\":\"ReadAction\",\"target\":[\"https:\/\/www.harner.fr\/lacave\/product\/aop-sancerre-le-rochoy-sauvignon-blanc\/\"]}]},{\"@type\":\"ImageObject\",\"inLanguage\":\"fr-FR\",\"@id\":\"https:\/\/www.harner.fr\/lacave\/product\/aop-sancerre-le-rochoy-sauvignon-blanc\/#primaryimage\",\"url\":\"https:\/\/www.harner.fr\/lacave\/wp-content\/uploads\/sites\/3\/2021\/06\/terroir-de-siles.jpg\",\"contentUrl\":\"https:\/\/www.harner.fr\/lacave\/wp-content\/uploads\/sites\/3\/2021\/06\/terroir-de-siles.jpg\",\"width\":1200,\"height\":1600},{\"@type\":\"BreadcrumbList\",\"@id\":\"https:\/\/www.harner.fr\/lacave\/product\/aop-sancerre-le-rochoy-sauvignon-blanc\/#breadcrumb\",\"itemListElement\":[{\"@type\":\"ListItem\",\"position\":1,\"name\":\"Accueil\",\"item\":\"https:\/\/www.harner.fr\/lacave\/\"},{\"@type\":\"ListItem\",\"position\":2,\"name\":\"Shop\",\"item\":\"https:\/\/www.harner.fr\/lacave\/shop\/\"},{\"@type\":\"ListItem\",\"position\":3,\"name\":\"AOP Sancerre\u00a0&#8211; Domaine Vacheron\"}]},{\"@type\":\"WebSite\",\"@id\":\"https:\/\/www.harner.fr\/lacave\/#website\",\"url\":\"https:\/\/www.harner.fr\/lacave\/\",\"name\":\"La Cave du Harner\",\"description\":\"Notre s\u00e9lection de vins\",\"publisher\":{\"@id\":\"https:\/\/www.harner.fr\/lacave\/#organization\"},\"potentialAction\":[{\"@type\":\"SearchAction\",\"target\":{\"@type\":\"EntryPoint\",\"urlTemplate\":\"https:\/\/www.harner.fr\/lacave\/?s={search_term_string}\"},\"query-input\":{\"@type\":\"PropertyValueSpecification\",\"valueRequired\":true,\"valueName\":\"search_term_string\"}}],\"inLanguage\":\"fr-FR\"},{\"@type\":\"Organization\",\"@id\":\"https:\/\/www.harner.fr\/lacave\/#organization\",\"name\":\"La Cave du Harner\",\"url\":\"https:\/\/www.harner.fr\/lacave\/\",\"logo\":{\"@type\":\"ImageObject\",\"inLanguage\":\"fr-FR\",\"@id\":\"https:\/\/www.harner.fr\/lacave\/#\/schema\/logo\/image\/\",\"url\":\"https:\/\/www.harner.fr\/lacave\/wp-content\/uploads\/sites\/3\/2021\/06\/cropped-logo.png\",\"contentUrl\":\"https:\/\/www.harner.fr\/lacave\/wp-content\/uploads\/sites\/3\/2021\/06\/cropped-logo.png\",\"width\":349,\"height\":80,\"caption\":\"La Cave du Harner\"},\"image\":{\"@id\":\"https:\/\/www.harner.fr\/lacave\/#\/schema\/logo\/image\/\"}}]}<\/script>\n<!-- \/ Yoast SEO plugin. -->","yoast_head_json":{"title":"AOP Sancerre\u00a0- Domaine Vacheron - La Cave du Harner","robots":{"index":"index","follow":"follow","max-snippet":"max-snippet:-1","max-image-preview":"max-image-preview:large","max-video-preview":"max-video-preview:-1"},"canonical":"https:\/\/www.harner.fr\/lacave\/product\/aop-sancerre-le-rochoy-sauvignon-blanc\/","og_locale":"fr_FR","og_type":"article","og_title":"AOP Sancerre\u00a0- Domaine Vacheron - La Cave du Harner","og_description":"Il est dot\u00e9 d\u2019une robe or p\u00e2le et limpide avec des reflets verts. Au nez, il est frais et compl\u00e9t\u00e9 par une pointe de fleurs blanches et d\u2019agrumes. En bouche, le bouquet est fin et \u00e9l\u00e9gant et des saveurs de fruits blancs persistent au palais. Il se marie \u00e0 merveille avec des crustac\u00e9s, du poisson, de la viande blanche en sauce ou du fromage.","og_url":"https:\/\/www.harner.fr\/lacave\/product\/aop-sancerre-le-rochoy-sauvignon-blanc\/","og_site_name":"La Cave du Harner","article_modified_time":"2025-05-27T17:56:59+00:00","og_image":[{"width":1200,"height":1600,"url":"https:\/\/www.harner.fr\/lacave\/wp-content\/uploads\/sites\/3\/2021\/06\/terroir-de-siles.jpg","type":"image\/jpeg"}],"twitter_card":"summary_large_image","twitter_misc":{"Dur\u00e9e de lecture estim\u00e9e":"1 minute"},"schema":{"@context":"https:\/\/schema.org","@graph":[{"@type":"WebPage","@id":"https:\/\/www.harner.fr\/lacave\/product\/aop-sancerre-le-rochoy-sauvignon-blanc\/","url":"https:\/\/www.harner.fr\/lacave\/product\/aop-sancerre-le-rochoy-sauvignon-blanc\/","name":"AOP Sancerre\u00a0- Domaine Vacheron - La Cave du Harner","isPartOf":{"@id":"https:\/\/www.harner.fr\/lacave\/#website"},"primaryImageOfPage":{"@id":"https:\/\/www.harner.fr\/lacave\/product\/aop-sancerre-le-rochoy-sauvignon-blanc\/#primaryimage"},"image":{"@id":"https:\/\/www.harner.fr\/lacave\/product\/aop-sancerre-le-rochoy-sauvignon-blanc\/#primaryimage"},"thumbnailUrl":"https:\/\/www.harner.fr\/lacave\/wp-content\/uploads\/sites\/3\/2021\/06\/terroir-de-siles.jpg","datePublished":"2021-06-16T15:09:17+00:00","dateModified":"2025-05-27T17:56:59+00:00","breadcrumb":{"@id":"https:\/\/www.harner.fr\/lacave\/product\/aop-sancerre-le-rochoy-sauvignon-blanc\/#breadcrumb"},"inLanguage":"fr-FR","potentialAction":[{"@type":"ReadAction","target":["https:\/\/www.harner.fr\/lacave\/product\/aop-sancerre-le-rochoy-sauvignon-blanc\/"]}]},{"@type":"ImageObject","inLanguage":"fr-FR","@id":"https:\/\/www.harner.fr\/lacave\/product\/aop-sancerre-le-rochoy-sauvignon-blanc\/#primaryimage","url":"https:\/\/www.harner.fr\/lacave\/wp-content\/uploads\/sites\/3\/2021\/06\/terroir-de-siles.jpg","contentUrl":"https:\/\/www.harner.fr\/lacave\/wp-content\/uploads\/sites\/3\/2021\/06\/terroir-de-siles.jpg","width":1200,"height":1600},{"@type":"BreadcrumbList","@id":"https:\/\/www.harner.fr\/lacave\/product\/aop-sancerre-le-rochoy-sauvignon-blanc\/#breadcrumb","itemListElement":[{"@type":"ListItem","position":1,"name":"Accueil","item":"https:\/\/www.harner.fr\/lacave\/"},{"@type":"ListItem","position":2,"name":"Shop","item":"https:\/\/www.harner.fr\/lacave\/shop\/"},{"@type":"ListItem","position":3,"name":"AOP Sancerre\u00a0&#8211; Domaine Vacheron"}]},{"@type":"WebSite","@id":"https:\/\/www.harner.fr\/lacave\/#website","url":"https:\/\/www.harner.fr\/lacave\/","name":"La Cave du Harner","description":"Notre s\u00e9lection de vins","publisher":{"@id":"https:\/\/www.harner.fr\/lacave\/#organization"},"potentialAction":[{"@type":"SearchAction","target":{"@type":"EntryPoint","urlTemplate":"https:\/\/www.harner.fr\/lacave\/?s={search_term_string}"},"query-input":{"@type":"PropertyValueSpecification","valueRequired":true,"valueName":"search_term_string"}}],"inLanguage":"fr-FR"},{"@type":"Organization","@id":"https:\/\/www.harner.fr\/lacave\/#organization","name":"La Cave du Harner","url":"https:\/\/www.harner.fr\/lacave\/","logo":{"@type":"ImageObject","inLanguage":"fr-FR","@id":"https:\/\/www.harner.fr\/lacave\/#\/schema\/logo\/image\/","url":"https:\/\/www.harner.fr\/lacave\/wp-content\/uploads\/sites\/3\/2021\/06\/cropped-logo.png","contentUrl":"https:\/\/www.harner.fr\/lacave\/wp-content\/uploads\/sites\/3\/2021\/06\/cropped-logo.png","width":349,"height":80,"caption":"La Cave du Harner"},"image":{"@id":"https:\/\/www.harner.fr\/lacave\/#\/schema\/logo\/image\/"}}]}},"_links":{"self":[{"href":"https:\/\/www.harner.fr\/lacave\/wp-json\/wp\/v2\/product\/3490","targetHints":{"allow":["GET"]}}],"collection":[{"href":"https:\/\/www.harner.fr\/lacave\/wp-json\/wp\/v2\/product"}],"about":[{"href":"https:\/\/www.harner.fr\/lacave\/wp-json\/wp\/v2\/types\/product"}],"wp:featuredmedia":[{"embeddable":true,"href":"https:\/\/www.harner.fr\/lacave\/wp-json\/wp\/v2\/media\/3530"}],"wp:attachment":[{"href":"https:\/\/www.harner.fr\/lacave\/wp-json\/wp\/v2\/media?parent=3490"}],"wp:term":[{"taxonomy":"product_brand","embeddable":true,"href":"https:\/\/www.harner.fr\/lacave\/wp-json\/wp\/v2\/product_brand?post=3490"},{"taxonomy":"product_cat","embeddable":true,"href":"https:\/\/www.harner.fr\/lacave\/wp-json\/wp\/v2\/product_cat?post=3490"},{"taxonomy":"product_tag","embeddable":true,"href":"https:\/\/www.harner.fr\/lacave\/wp-json\/wp\/v2\/product_tag?post=3490"}],"curies":[{"name":"wp","href":"https:\/\/api.w.org\/{rel}","templated":true}]}}