{"id":3423,"date":"2021-06-16T17:08:10","date_gmt":"2021-06-16T15:08:10","guid":{"rendered":"https:\/\/www.harner.fr\/2021multisites\/lacave\/?post_type=product&#038;p=3423"},"modified":"2024-07-19T15:11:45","modified_gmt":"2024-07-19T13:11:45","slug":"aop-beaujolais-pierres-dorees-bien-eleve-gamay","status":"publish","type":"product","link":"https:\/\/www.harner.fr\/lacave\/product\/aop-beaujolais-pierres-dorees-bien-eleve-gamay\/","title":{"rendered":"AOP Beaujolais Pierres Dor\u00e9es \u00ab\u00a0Bien \u00e9lev\u00e9\u00a0\u00bb\u00a0: Gamay"},"content":{"rendered":"","protected":false},"excerpt":{"rendered":"<p>Robe pourpre. Le nez est riche en fruits, plein de promesses. La bouche est a\u00e9rienne et fruit\u00e9e, sur les fraises des bois, les raisins noirs. La finale en bouche est tr\u00e8s min\u00e9rale.<\/p>\n<p>Accord mets et vin\u00a0: Charcuterie, fromage.<\/p>\n","protected":false},"featured_media":3477,"template":"","meta":[],"product_brand":[],"product_cat":[31,34],"product_tag":[],"class_list":{"0":"post-3423","1":"product","2":"type-product","3":"status-publish","4":"has-post-thumbnail","6":"product_cat-vins","7":"product_cat-vins-rouges","9":"first","10":"instock","11":"shipping-taxable","12":"purchasable","13":"product-type-simple"},"yoast_head":"<!-- This site is optimized with the Yoast SEO plugin v25.3 - https:\/\/yoast.com\/wordpress\/plugins\/seo\/ -->\n<title>AOP Beaujolais Pierres Dor\u00e9es \u00ab\u00a0Bien \u00e9lev\u00e9\u00a0\u00bb\u00a0: Gamay - La Cave du Harner<\/title>\n<meta name=\"robots\" content=\"index, follow, max-snippet:-1, max-image-preview:large, max-video-preview:-1\" \/>\n<link rel=\"canonical\" href=\"https:\/\/www.harner.fr\/lacave\/product\/aop-beaujolais-pierres-dorees-bien-eleve-gamay\/\" \/>\n<meta property=\"og:locale\" content=\"fr_FR\" \/>\n<meta property=\"og:type\" content=\"article\" \/>\n<meta property=\"og:title\" content=\"AOP Beaujolais Pierres Dor\u00e9es \u00ab\u00a0Bien \u00e9lev\u00e9\u00a0\u00bb\u00a0: Gamay - La Cave du Harner\" \/>\n<meta property=\"og:description\" content=\"Robe pourpre. Le nez est riche en fruits, plein de promesses. La bouche est a\u00e9rienne et fruit\u00e9e, sur les fraises des bois, les raisins noirs. La finale en bouche est tr\u00e8s min\u00e9rale.   Accord mets et vin\u00a0: Charcuterie, fromage.\" \/>\n<meta property=\"og:url\" content=\"https:\/\/www.harner.fr\/lacave\/product\/aop-beaujolais-pierres-dorees-bien-eleve-gamay\/\" \/>\n<meta property=\"og:site_name\" content=\"La Cave du Harner\" \/>\n<meta property=\"article:modified_time\" content=\"2024-07-19T13:11:45+00:00\" \/>\n<meta property=\"og:image\" content=\"https:\/\/www.harner.fr\/lacave\/wp-content\/uploads\/sites\/3\/2021\/06\/bien-eleve-beaujolais.jpg\" \/>\n\t<meta property=\"og:image:width\" content=\"1200\" \/>\n\t<meta property=\"og:image:height\" content=\"1600\" \/>\n\t<meta property=\"og:image:type\" content=\"image\/jpeg\" \/>\n<meta name=\"twitter:card\" content=\"summary_large_image\" \/>\n<script type=\"application\/ld+json\" class=\"yoast-schema-graph\">{\"@context\":\"https:\/\/schema.org\",\"@graph\":[{\"@type\":\"WebPage\",\"@id\":\"https:\/\/www.harner.fr\/lacave\/product\/aop-beaujolais-pierres-dorees-bien-eleve-gamay\/\",\"url\":\"https:\/\/www.harner.fr\/lacave\/product\/aop-beaujolais-pierres-dorees-bien-eleve-gamay\/\",\"name\":\"AOP Beaujolais Pierres Dor\u00e9es \u00ab\u00a0Bien \u00e9lev\u00e9\u00a0\u00bb\u00a0: Gamay - La Cave du Harner\",\"isPartOf\":{\"@id\":\"https:\/\/www.harner.fr\/lacave\/#website\"},\"primaryImageOfPage\":{\"@id\":\"https:\/\/www.harner.fr\/lacave\/product\/aop-beaujolais-pierres-dorees-bien-eleve-gamay\/#primaryimage\"},\"image\":{\"@id\":\"https:\/\/www.harner.fr\/lacave\/product\/aop-beaujolais-pierres-dorees-bien-eleve-gamay\/#primaryimage\"},\"thumbnailUrl\":\"https:\/\/www.harner.fr\/lacave\/wp-content\/uploads\/sites\/3\/2021\/06\/bien-eleve-beaujolais.jpg\",\"datePublished\":\"2021-06-16T15:08:10+00:00\",\"dateModified\":\"2024-07-19T13:11:45+00:00\",\"breadcrumb\":{\"@id\":\"https:\/\/www.harner.fr\/lacave\/product\/aop-beaujolais-pierres-dorees-bien-eleve-gamay\/#breadcrumb\"},\"inLanguage\":\"fr-FR\",\"potentialAction\":[{\"@type\":\"ReadAction\",\"target\":[\"https:\/\/www.harner.fr\/lacave\/product\/aop-beaujolais-pierres-dorees-bien-eleve-gamay\/\"]}]},{\"@type\":\"ImageObject\",\"inLanguage\":\"fr-FR\",\"@id\":\"https:\/\/www.harner.fr\/lacave\/product\/aop-beaujolais-pierres-dorees-bien-eleve-gamay\/#primaryimage\",\"url\":\"https:\/\/www.harner.fr\/lacave\/wp-content\/uploads\/sites\/3\/2021\/06\/bien-eleve-beaujolais.jpg\",\"contentUrl\":\"https:\/\/www.harner.fr\/lacave\/wp-content\/uploads\/sites\/3\/2021\/06\/bien-eleve-beaujolais.jpg\",\"width\":1200,\"height\":1600},{\"@type\":\"BreadcrumbList\",\"@id\":\"https:\/\/www.harner.fr\/lacave\/product\/aop-beaujolais-pierres-dorees-bien-eleve-gamay\/#breadcrumb\",\"itemListElement\":[{\"@type\":\"ListItem\",\"position\":1,\"name\":\"Accueil\",\"item\":\"https:\/\/www.harner.fr\/lacave\/\"},{\"@type\":\"ListItem\",\"position\":2,\"name\":\"Shop\",\"item\":\"https:\/\/www.harner.fr\/lacave\/shop\/\"},{\"@type\":\"ListItem\",\"position\":3,\"name\":\"AOP Beaujolais Pierres Dor\u00e9es \u00ab\u00a0Bien \u00e9lev\u00e9\u00a0\u00bb\u00a0: Gamay\"}]},{\"@type\":\"WebSite\",\"@id\":\"https:\/\/www.harner.fr\/lacave\/#website\",\"url\":\"https:\/\/www.harner.fr\/lacave\/\",\"name\":\"La Cave du Harner\",\"description\":\"Notre s\u00e9lection de vins\",\"publisher\":{\"@id\":\"https:\/\/www.harner.fr\/lacave\/#organization\"},\"potentialAction\":[{\"@type\":\"SearchAction\",\"target\":{\"@type\":\"EntryPoint\",\"urlTemplate\":\"https:\/\/www.harner.fr\/lacave\/?s={search_term_string}\"},\"query-input\":{\"@type\":\"PropertyValueSpecification\",\"valueRequired\":true,\"valueName\":\"search_term_string\"}}],\"inLanguage\":\"fr-FR\"},{\"@type\":\"Organization\",\"@id\":\"https:\/\/www.harner.fr\/lacave\/#organization\",\"name\":\"La Cave du Harner\",\"url\":\"https:\/\/www.harner.fr\/lacave\/\",\"logo\":{\"@type\":\"ImageObject\",\"inLanguage\":\"fr-FR\",\"@id\":\"https:\/\/www.harner.fr\/lacave\/#\/schema\/logo\/image\/\",\"url\":\"https:\/\/www.harner.fr\/lacave\/wp-content\/uploads\/sites\/3\/2021\/06\/cropped-logo.png\",\"contentUrl\":\"https:\/\/www.harner.fr\/lacave\/wp-content\/uploads\/sites\/3\/2021\/06\/cropped-logo.png\",\"width\":349,\"height\":80,\"caption\":\"La Cave du Harner\"},\"image\":{\"@id\":\"https:\/\/www.harner.fr\/lacave\/#\/schema\/logo\/image\/\"}}]}<\/script>\n<!-- \/ Yoast SEO plugin. -->","yoast_head_json":{"title":"AOP Beaujolais Pierres Dor\u00e9es \u00ab\u00a0Bien \u00e9lev\u00e9\u00a0\u00bb\u00a0: Gamay - La Cave du Harner","robots":{"index":"index","follow":"follow","max-snippet":"max-snippet:-1","max-image-preview":"max-image-preview:large","max-video-preview":"max-video-preview:-1"},"canonical":"https:\/\/www.harner.fr\/lacave\/product\/aop-beaujolais-pierres-dorees-bien-eleve-gamay\/","og_locale":"fr_FR","og_type":"article","og_title":"AOP Beaujolais Pierres Dor\u00e9es \u00ab\u00a0Bien \u00e9lev\u00e9\u00a0\u00bb\u00a0: Gamay - La Cave du Harner","og_description":"Robe pourpre. Le nez est riche en fruits, plein de promesses. La bouche est a\u00e9rienne et fruit\u00e9e, sur les fraises des bois, les raisins noirs. La finale en bouche est tr\u00e8s min\u00e9rale.   Accord mets et vin\u00a0: Charcuterie, fromage.","og_url":"https:\/\/www.harner.fr\/lacave\/product\/aop-beaujolais-pierres-dorees-bien-eleve-gamay\/","og_site_name":"La Cave du Harner","article_modified_time":"2024-07-19T13:11:45+00:00","og_image":[{"width":1200,"height":1600,"url":"https:\/\/www.harner.fr\/lacave\/wp-content\/uploads\/sites\/3\/2021\/06\/bien-eleve-beaujolais.jpg","type":"image\/jpeg"}],"twitter_card":"summary_large_image","schema":{"@context":"https:\/\/schema.org","@graph":[{"@type":"WebPage","@id":"https:\/\/www.harner.fr\/lacave\/product\/aop-beaujolais-pierres-dorees-bien-eleve-gamay\/","url":"https:\/\/www.harner.fr\/lacave\/product\/aop-beaujolais-pierres-dorees-bien-eleve-gamay\/","name":"AOP Beaujolais Pierres Dor\u00e9es \u00ab\u00a0Bien \u00e9lev\u00e9\u00a0\u00bb\u00a0: Gamay - La Cave du Harner","isPartOf":{"@id":"https:\/\/www.harner.fr\/lacave\/#website"},"primaryImageOfPage":{"@id":"https:\/\/www.harner.fr\/lacave\/product\/aop-beaujolais-pierres-dorees-bien-eleve-gamay\/#primaryimage"},"image":{"@id":"https:\/\/www.harner.fr\/lacave\/product\/aop-beaujolais-pierres-dorees-bien-eleve-gamay\/#primaryimage"},"thumbnailUrl":"https:\/\/www.harner.fr\/lacave\/wp-content\/uploads\/sites\/3\/2021\/06\/bien-eleve-beaujolais.jpg","datePublished":"2021-06-16T15:08:10+00:00","dateModified":"2024-07-19T13:11:45+00:00","breadcrumb":{"@id":"https:\/\/www.harner.fr\/lacave\/product\/aop-beaujolais-pierres-dorees-bien-eleve-gamay\/#breadcrumb"},"inLanguage":"fr-FR","potentialAction":[{"@type":"ReadAction","target":["https:\/\/www.harner.fr\/lacave\/product\/aop-beaujolais-pierres-dorees-bien-eleve-gamay\/"]}]},{"@type":"ImageObject","inLanguage":"fr-FR","@id":"https:\/\/www.harner.fr\/lacave\/product\/aop-beaujolais-pierres-dorees-bien-eleve-gamay\/#primaryimage","url":"https:\/\/www.harner.fr\/lacave\/wp-content\/uploads\/sites\/3\/2021\/06\/bien-eleve-beaujolais.jpg","contentUrl":"https:\/\/www.harner.fr\/lacave\/wp-content\/uploads\/sites\/3\/2021\/06\/bien-eleve-beaujolais.jpg","width":1200,"height":1600},{"@type":"BreadcrumbList","@id":"https:\/\/www.harner.fr\/lacave\/product\/aop-beaujolais-pierres-dorees-bien-eleve-gamay\/#breadcrumb","itemListElement":[{"@type":"ListItem","position":1,"name":"Accueil","item":"https:\/\/www.harner.fr\/lacave\/"},{"@type":"ListItem","position":2,"name":"Shop","item":"https:\/\/www.harner.fr\/lacave\/shop\/"},{"@type":"ListItem","position":3,"name":"AOP Beaujolais Pierres Dor\u00e9es \u00ab\u00a0Bien \u00e9lev\u00e9\u00a0\u00bb\u00a0: Gamay"}]},{"@type":"WebSite","@id":"https:\/\/www.harner.fr\/lacave\/#website","url":"https:\/\/www.harner.fr\/lacave\/","name":"La Cave du Harner","description":"Notre s\u00e9lection de vins","publisher":{"@id":"https:\/\/www.harner.fr\/lacave\/#organization"},"potentialAction":[{"@type":"SearchAction","target":{"@type":"EntryPoint","urlTemplate":"https:\/\/www.harner.fr\/lacave\/?s={search_term_string}"},"query-input":{"@type":"PropertyValueSpecification","valueRequired":true,"valueName":"search_term_string"}}],"inLanguage":"fr-FR"},{"@type":"Organization","@id":"https:\/\/www.harner.fr\/lacave\/#organization","name":"La Cave du Harner","url":"https:\/\/www.harner.fr\/lacave\/","logo":{"@type":"ImageObject","inLanguage":"fr-FR","@id":"https:\/\/www.harner.fr\/lacave\/#\/schema\/logo\/image\/","url":"https:\/\/www.harner.fr\/lacave\/wp-content\/uploads\/sites\/3\/2021\/06\/cropped-logo.png","contentUrl":"https:\/\/www.harner.fr\/lacave\/wp-content\/uploads\/sites\/3\/2021\/06\/cropped-logo.png","width":349,"height":80,"caption":"La Cave du Harner"},"image":{"@id":"https:\/\/www.harner.fr\/lacave\/#\/schema\/logo\/image\/"}}]}},"_links":{"self":[{"href":"https:\/\/www.harner.fr\/lacave\/wp-json\/wp\/v2\/product\/3423","targetHints":{"allow":["GET"]}}],"collection":[{"href":"https:\/\/www.harner.fr\/lacave\/wp-json\/wp\/v2\/product"}],"about":[{"href":"https:\/\/www.harner.fr\/lacave\/wp-json\/wp\/v2\/types\/product"}],"wp:featuredmedia":[{"embeddable":true,"href":"https:\/\/www.harner.fr\/lacave\/wp-json\/wp\/v2\/media\/3477"}],"wp:attachment":[{"href":"https:\/\/www.harner.fr\/lacave\/wp-json\/wp\/v2\/media?parent=3423"}],"wp:term":[{"taxonomy":"product_brand","embeddable":true,"href":"https:\/\/www.harner.fr\/lacave\/wp-json\/wp\/v2\/product_brand?post=3423"},{"taxonomy":"product_cat","embeddable":true,"href":"https:\/\/www.harner.fr\/lacave\/wp-json\/wp\/v2\/product_cat?post=3423"},{"taxonomy":"product_tag","embeddable":true,"href":"https:\/\/www.harner.fr\/lacave\/wp-json\/wp\/v2\/product_tag?post=3423"}],"curies":[{"name":"wp","href":"https:\/\/api.w.org\/{rel}","templated":true}]}}