{"id":3420,"date":"2021-06-16T17:08:09","date_gmt":"2021-06-16T15:08:09","guid":{"rendered":"https:\/\/www.harner.fr\/2021multisites\/lacave\/?post_type=product&#038;p=3420"},"modified":"2024-07-19T15:11:53","modified_gmt":"2024-07-19T13:11:53","slug":"aop-corbieres-la-font-blanche","status":"publish","type":"product","link":"https:\/\/www.harner.fr\/lacave\/product\/aop-corbieres-la-font-blanche\/","title":{"rendered":"AOP Corbi\u00e8res \u00ab\u00a0La Font Blanche\u00a0\u00bb"},"content":{"rendered":"","protected":false},"excerpt":{"rendered":"<p>Robe limpide aux reflets jaune p\u00e2le. Le nez offre une belle complexit\u00e9 aromatique entre le fruit blanc et la min\u00e9ralit\u00e9. La bouche est soyeuse avec une belle fraicheur et les agrumes sont pr\u00e9sents.<\/p>\n<p>Accord mets et vin\u00a0: Fruits de mer, poisson en sauce, fromage de brebis.<\/p>\n","protected":false},"featured_media":3474,"template":"","meta":[],"product_brand":[],"product_cat":[31,32],"product_tag":[],"class_list":{"0":"post-3420","1":"product","2":"type-product","3":"status-publish","4":"has-post-thumbnail","6":"product_cat-vins","7":"product_cat-vins-blancs","9":"first","10":"instock","11":"shipping-taxable","12":"purchasable","13":"product-type-simple"},"yoast_head":"<!-- This site is optimized with the Yoast SEO plugin v25.3 - https:\/\/yoast.com\/wordpress\/plugins\/seo\/ -->\n<title>AOP Corbi\u00e8res \u00ab\u00a0La Font Blanche\u00a0\u00bb - La Cave du Harner<\/title>\n<meta name=\"robots\" content=\"index, follow, max-snippet:-1, max-image-preview:large, max-video-preview:-1\" \/>\n<link rel=\"canonical\" href=\"https:\/\/www.harner.fr\/lacave\/product\/aop-corbieres-la-font-blanche\/\" \/>\n<meta property=\"og:locale\" content=\"fr_FR\" \/>\n<meta property=\"og:type\" content=\"article\" \/>\n<meta property=\"og:title\" content=\"AOP Corbi\u00e8res \u00ab\u00a0La Font Blanche\u00a0\u00bb - La Cave du Harner\" \/>\n<meta property=\"og:description\" content=\"Robe limpide aux reflets jaune p\u00e2le. Le nez offre une belle complexit\u00e9 aromatique entre le fruit blanc et la min\u00e9ralit\u00e9. La bouche est soyeuse avec une belle fraicheur et les agrumes sont pr\u00e9sents.   Accord mets et vin\u00a0: Fruits de mer, poisson en sauce, fromage de brebis.\" \/>\n<meta property=\"og:url\" content=\"https:\/\/www.harner.fr\/lacave\/product\/aop-corbieres-la-font-blanche\/\" \/>\n<meta property=\"og:site_name\" content=\"La Cave du Harner\" \/>\n<meta property=\"article:modified_time\" content=\"2024-07-19T13:11:53+00:00\" \/>\n<meta property=\"og:image\" content=\"https:\/\/www.harner.fr\/lacave\/wp-content\/uploads\/sites\/3\/2021\/06\/caraguilhes.jpg\" \/>\n\t<meta property=\"og:image:width\" content=\"1200\" \/>\n\t<meta property=\"og:image:height\" content=\"1600\" \/>\n\t<meta property=\"og:image:type\" content=\"image\/jpeg\" \/>\n<meta name=\"twitter:card\" content=\"summary_large_image\" \/>\n<script type=\"application\/ld+json\" class=\"yoast-schema-graph\">{\"@context\":\"https:\/\/schema.org\",\"@graph\":[{\"@type\":\"WebPage\",\"@id\":\"https:\/\/www.harner.fr\/lacave\/product\/aop-corbieres-la-font-blanche\/\",\"url\":\"https:\/\/www.harner.fr\/lacave\/product\/aop-corbieres-la-font-blanche\/\",\"name\":\"AOP Corbi\u00e8res \u00ab\u00a0La Font Blanche\u00a0\u00bb - La Cave du Harner\",\"isPartOf\":{\"@id\":\"https:\/\/www.harner.fr\/lacave\/#website\"},\"primaryImageOfPage\":{\"@id\":\"https:\/\/www.harner.fr\/lacave\/product\/aop-corbieres-la-font-blanche\/#primaryimage\"},\"image\":{\"@id\":\"https:\/\/www.harner.fr\/lacave\/product\/aop-corbieres-la-font-blanche\/#primaryimage\"},\"thumbnailUrl\":\"https:\/\/www.harner.fr\/lacave\/wp-content\/uploads\/sites\/3\/2021\/06\/caraguilhes.jpg\",\"datePublished\":\"2021-06-16T15:08:09+00:00\",\"dateModified\":\"2024-07-19T13:11:53+00:00\",\"breadcrumb\":{\"@id\":\"https:\/\/www.harner.fr\/lacave\/product\/aop-corbieres-la-font-blanche\/#breadcrumb\"},\"inLanguage\":\"fr-FR\",\"potentialAction\":[{\"@type\":\"ReadAction\",\"target\":[\"https:\/\/www.harner.fr\/lacave\/product\/aop-corbieres-la-font-blanche\/\"]}]},{\"@type\":\"ImageObject\",\"inLanguage\":\"fr-FR\",\"@id\":\"https:\/\/www.harner.fr\/lacave\/product\/aop-corbieres-la-font-blanche\/#primaryimage\",\"url\":\"https:\/\/www.harner.fr\/lacave\/wp-content\/uploads\/sites\/3\/2021\/06\/caraguilhes.jpg\",\"contentUrl\":\"https:\/\/www.harner.fr\/lacave\/wp-content\/uploads\/sites\/3\/2021\/06\/caraguilhes.jpg\",\"width\":1200,\"height\":1600},{\"@type\":\"BreadcrumbList\",\"@id\":\"https:\/\/www.harner.fr\/lacave\/product\/aop-corbieres-la-font-blanche\/#breadcrumb\",\"itemListElement\":[{\"@type\":\"ListItem\",\"position\":1,\"name\":\"Accueil\",\"item\":\"https:\/\/www.harner.fr\/lacave\/\"},{\"@type\":\"ListItem\",\"position\":2,\"name\":\"Shop\",\"item\":\"https:\/\/www.harner.fr\/lacave\/shop\/\"},{\"@type\":\"ListItem\",\"position\":3,\"name\":\"AOP Corbi\u00e8res \u00ab\u00a0La Font Blanche\u00a0\u00bb\"}]},{\"@type\":\"WebSite\",\"@id\":\"https:\/\/www.harner.fr\/lacave\/#website\",\"url\":\"https:\/\/www.harner.fr\/lacave\/\",\"name\":\"La Cave du Harner\",\"description\":\"Notre s\u00e9lection de vins\",\"publisher\":{\"@id\":\"https:\/\/www.harner.fr\/lacave\/#organization\"},\"potentialAction\":[{\"@type\":\"SearchAction\",\"target\":{\"@type\":\"EntryPoint\",\"urlTemplate\":\"https:\/\/www.harner.fr\/lacave\/?s={search_term_string}\"},\"query-input\":{\"@type\":\"PropertyValueSpecification\",\"valueRequired\":true,\"valueName\":\"search_term_string\"}}],\"inLanguage\":\"fr-FR\"},{\"@type\":\"Organization\",\"@id\":\"https:\/\/www.harner.fr\/lacave\/#organization\",\"name\":\"La Cave du Harner\",\"url\":\"https:\/\/www.harner.fr\/lacave\/\",\"logo\":{\"@type\":\"ImageObject\",\"inLanguage\":\"fr-FR\",\"@id\":\"https:\/\/www.harner.fr\/lacave\/#\/schema\/logo\/image\/\",\"url\":\"https:\/\/www.harner.fr\/lacave\/wp-content\/uploads\/sites\/3\/2021\/06\/cropped-logo.png\",\"contentUrl\":\"https:\/\/www.harner.fr\/lacave\/wp-content\/uploads\/sites\/3\/2021\/06\/cropped-logo.png\",\"width\":349,\"height\":80,\"caption\":\"La Cave du Harner\"},\"image\":{\"@id\":\"https:\/\/www.harner.fr\/lacave\/#\/schema\/logo\/image\/\"}}]}<\/script>\n<!-- \/ Yoast SEO plugin. -->","yoast_head_json":{"title":"AOP Corbi\u00e8res \u00ab\u00a0La Font Blanche\u00a0\u00bb - La Cave du Harner","robots":{"index":"index","follow":"follow","max-snippet":"max-snippet:-1","max-image-preview":"max-image-preview:large","max-video-preview":"max-video-preview:-1"},"canonical":"https:\/\/www.harner.fr\/lacave\/product\/aop-corbieres-la-font-blanche\/","og_locale":"fr_FR","og_type":"article","og_title":"AOP Corbi\u00e8res \u00ab\u00a0La Font Blanche\u00a0\u00bb - La Cave du Harner","og_description":"Robe limpide aux reflets jaune p\u00e2le. Le nez offre une belle complexit\u00e9 aromatique entre le fruit blanc et la min\u00e9ralit\u00e9. La bouche est soyeuse avec une belle fraicheur et les agrumes sont pr\u00e9sents.   Accord mets et vin\u00a0: Fruits de mer, poisson en sauce, fromage de brebis.","og_url":"https:\/\/www.harner.fr\/lacave\/product\/aop-corbieres-la-font-blanche\/","og_site_name":"La Cave du Harner","article_modified_time":"2024-07-19T13:11:53+00:00","og_image":[{"width":1200,"height":1600,"url":"https:\/\/www.harner.fr\/lacave\/wp-content\/uploads\/sites\/3\/2021\/06\/caraguilhes.jpg","type":"image\/jpeg"}],"twitter_card":"summary_large_image","schema":{"@context":"https:\/\/schema.org","@graph":[{"@type":"WebPage","@id":"https:\/\/www.harner.fr\/lacave\/product\/aop-corbieres-la-font-blanche\/","url":"https:\/\/www.harner.fr\/lacave\/product\/aop-corbieres-la-font-blanche\/","name":"AOP Corbi\u00e8res \u00ab\u00a0La Font Blanche\u00a0\u00bb - La Cave du Harner","isPartOf":{"@id":"https:\/\/www.harner.fr\/lacave\/#website"},"primaryImageOfPage":{"@id":"https:\/\/www.harner.fr\/lacave\/product\/aop-corbieres-la-font-blanche\/#primaryimage"},"image":{"@id":"https:\/\/www.harner.fr\/lacave\/product\/aop-corbieres-la-font-blanche\/#primaryimage"},"thumbnailUrl":"https:\/\/www.harner.fr\/lacave\/wp-content\/uploads\/sites\/3\/2021\/06\/caraguilhes.jpg","datePublished":"2021-06-16T15:08:09+00:00","dateModified":"2024-07-19T13:11:53+00:00","breadcrumb":{"@id":"https:\/\/www.harner.fr\/lacave\/product\/aop-corbieres-la-font-blanche\/#breadcrumb"},"inLanguage":"fr-FR","potentialAction":[{"@type":"ReadAction","target":["https:\/\/www.harner.fr\/lacave\/product\/aop-corbieres-la-font-blanche\/"]}]},{"@type":"ImageObject","inLanguage":"fr-FR","@id":"https:\/\/www.harner.fr\/lacave\/product\/aop-corbieres-la-font-blanche\/#primaryimage","url":"https:\/\/www.harner.fr\/lacave\/wp-content\/uploads\/sites\/3\/2021\/06\/caraguilhes.jpg","contentUrl":"https:\/\/www.harner.fr\/lacave\/wp-content\/uploads\/sites\/3\/2021\/06\/caraguilhes.jpg","width":1200,"height":1600},{"@type":"BreadcrumbList","@id":"https:\/\/www.harner.fr\/lacave\/product\/aop-corbieres-la-font-blanche\/#breadcrumb","itemListElement":[{"@type":"ListItem","position":1,"name":"Accueil","item":"https:\/\/www.harner.fr\/lacave\/"},{"@type":"ListItem","position":2,"name":"Shop","item":"https:\/\/www.harner.fr\/lacave\/shop\/"},{"@type":"ListItem","position":3,"name":"AOP Corbi\u00e8res \u00ab\u00a0La Font Blanche\u00a0\u00bb"}]},{"@type":"WebSite","@id":"https:\/\/www.harner.fr\/lacave\/#website","url":"https:\/\/www.harner.fr\/lacave\/","name":"La Cave du Harner","description":"Notre s\u00e9lection de vins","publisher":{"@id":"https:\/\/www.harner.fr\/lacave\/#organization"},"potentialAction":[{"@type":"SearchAction","target":{"@type":"EntryPoint","urlTemplate":"https:\/\/www.harner.fr\/lacave\/?s={search_term_string}"},"query-input":{"@type":"PropertyValueSpecification","valueRequired":true,"valueName":"search_term_string"}}],"inLanguage":"fr-FR"},{"@type":"Organization","@id":"https:\/\/www.harner.fr\/lacave\/#organization","name":"La Cave du Harner","url":"https:\/\/www.harner.fr\/lacave\/","logo":{"@type":"ImageObject","inLanguage":"fr-FR","@id":"https:\/\/www.harner.fr\/lacave\/#\/schema\/logo\/image\/","url":"https:\/\/www.harner.fr\/lacave\/wp-content\/uploads\/sites\/3\/2021\/06\/cropped-logo.png","contentUrl":"https:\/\/www.harner.fr\/lacave\/wp-content\/uploads\/sites\/3\/2021\/06\/cropped-logo.png","width":349,"height":80,"caption":"La Cave du Harner"},"image":{"@id":"https:\/\/www.harner.fr\/lacave\/#\/schema\/logo\/image\/"}}]}},"_links":{"self":[{"href":"https:\/\/www.harner.fr\/lacave\/wp-json\/wp\/v2\/product\/3420","targetHints":{"allow":["GET"]}}],"collection":[{"href":"https:\/\/www.harner.fr\/lacave\/wp-json\/wp\/v2\/product"}],"about":[{"href":"https:\/\/www.harner.fr\/lacave\/wp-json\/wp\/v2\/types\/product"}],"wp:featuredmedia":[{"embeddable":true,"href":"https:\/\/www.harner.fr\/lacave\/wp-json\/wp\/v2\/media\/3474"}],"wp:attachment":[{"href":"https:\/\/www.harner.fr\/lacave\/wp-json\/wp\/v2\/media?parent=3420"}],"wp:term":[{"taxonomy":"product_brand","embeddable":true,"href":"https:\/\/www.harner.fr\/lacave\/wp-json\/wp\/v2\/product_brand?post=3420"},{"taxonomy":"product_cat","embeddable":true,"href":"https:\/\/www.harner.fr\/lacave\/wp-json\/wp\/v2\/product_cat?post=3420"},{"taxonomy":"product_tag","embeddable":true,"href":"https:\/\/www.harner.fr\/lacave\/wp-json\/wp\/v2\/product_tag?post=3420"}],"curies":[{"name":"wp","href":"https:\/\/api.w.org\/{rel}","templated":true}]}}