{"id":3415,"date":"2021-06-16T17:08:09","date_gmt":"2021-06-16T15:08:09","guid":{"rendered":"https:\/\/www.harner.fr\/2021multisites\/lacave\/?post_type=product&#038;p=3415"},"modified":"2025-05-27T19:28:26","modified_gmt":"2025-05-27T17:28:26","slug":"aop-macon-lugny-les-charmes-chardonnay","status":"publish","type":"product","link":"https:\/\/www.harner.fr\/lacave\/product\/aop-macon-lugny-les-charmes-chardonnay\/","title":{"rendered":"AOP M\u00e2con-Lugny \u00ab\u00a0Les Charmes\u00a0\u00bb\u00a0: Chardonnay"},"content":{"rendered":"","protected":false},"excerpt":{"rendered":"<p>Robe jaune dor\u00e9e aux reflets verts. Au nez on peut trouver des ar\u00f4mes floraux et de fruits (noisettes, agrumes). En bouche, le vin est riche, ample avec une l\u00e9g\u00e8re saveur \u00e9pic\u00e9e.<\/p>\n<p>&nbsp;<\/p>\n<p>Accord mets et vin\u00a0: Volaille \u00e0 la cr\u00e8me, cuisses de grenouilles, petits fours.<\/p>\n","protected":false},"featured_media":3457,"template":"","meta":[],"product_brand":[],"product_cat":[25,31,32],"product_tag":[],"class_list":{"0":"post-3415","1":"product","2":"type-product","3":"status-publish","4":"has-post-thumbnail","6":"product_cat-la-selection-du-harner","7":"product_cat-vins","8":"product_cat-vins-blancs","10":"first","11":"instock","12":"shipping-taxable","13":"purchasable","14":"product-type-simple"},"yoast_head":"<!-- This site is optimized with the Yoast SEO plugin v25.3 - https:\/\/yoast.com\/wordpress\/plugins\/seo\/ -->\n<title>AOP M\u00e2con-Lugny \u00ab\u00a0Les Charmes\u00a0\u00bb\u00a0: Chardonnay - La Cave du Harner<\/title>\n<meta name=\"robots\" content=\"index, follow, max-snippet:-1, max-image-preview:large, max-video-preview:-1\" \/>\n<link rel=\"canonical\" href=\"https:\/\/www.harner.fr\/lacave\/product\/aop-macon-lugny-les-charmes-chardonnay\/\" \/>\n<meta property=\"og:locale\" content=\"fr_FR\" \/>\n<meta property=\"og:type\" content=\"article\" \/>\n<meta property=\"og:title\" content=\"AOP M\u00e2con-Lugny \u00ab\u00a0Les Charmes\u00a0\u00bb\u00a0: Chardonnay - La Cave du Harner\" \/>\n<meta property=\"og:description\" content=\"Robe jaune dor\u00e9e aux reflets verts. Au nez on peut trouver des ar\u00f4mes floraux et de fruits (noisettes, agrumes). En bouche, le vin est riche, ample avec une l\u00e9g\u00e8re saveur \u00e9pic\u00e9e.  &nbsp;  Accord mets et vin\u00a0: Volaille \u00e0 la cr\u00e8me, cuisses de grenouilles, petits fours.\" \/>\n<meta property=\"og:url\" content=\"https:\/\/www.harner.fr\/lacave\/product\/aop-macon-lugny-les-charmes-chardonnay\/\" \/>\n<meta property=\"og:site_name\" content=\"La Cave du Harner\" \/>\n<meta property=\"article:modified_time\" content=\"2025-05-27T17:28:26+00:00\" \/>\n<meta property=\"og:image\" content=\"https:\/\/www.harner.fr\/lacave\/wp-content\/uploads\/sites\/3\/2021\/06\/macon-lugny.jpg\" \/>\n\t<meta property=\"og:image:width\" content=\"1200\" \/>\n\t<meta property=\"og:image:height\" content=\"1600\" \/>\n\t<meta property=\"og:image:type\" content=\"image\/jpeg\" \/>\n<meta name=\"twitter:card\" content=\"summary_large_image\" \/>\n<meta name=\"twitter:label1\" content=\"Dur\u00e9e de lecture estim\u00e9e\" \/>\n\t<meta name=\"twitter:data1\" content=\"1 minute\" \/>\n<script type=\"application\/ld+json\" class=\"yoast-schema-graph\">{\"@context\":\"https:\/\/schema.org\",\"@graph\":[{\"@type\":\"WebPage\",\"@id\":\"https:\/\/www.harner.fr\/lacave\/product\/aop-macon-lugny-les-charmes-chardonnay\/\",\"url\":\"https:\/\/www.harner.fr\/lacave\/product\/aop-macon-lugny-les-charmes-chardonnay\/\",\"name\":\"AOP M\u00e2con-Lugny \u00ab\u00a0Les Charmes\u00a0\u00bb\u00a0: Chardonnay - La Cave du Harner\",\"isPartOf\":{\"@id\":\"https:\/\/www.harner.fr\/lacave\/#website\"},\"primaryImageOfPage\":{\"@id\":\"https:\/\/www.harner.fr\/lacave\/product\/aop-macon-lugny-les-charmes-chardonnay\/#primaryimage\"},\"image\":{\"@id\":\"https:\/\/www.harner.fr\/lacave\/product\/aop-macon-lugny-les-charmes-chardonnay\/#primaryimage\"},\"thumbnailUrl\":\"https:\/\/www.harner.fr\/lacave\/wp-content\/uploads\/sites\/3\/2021\/06\/macon-lugny.jpg\",\"datePublished\":\"2021-06-16T15:08:09+00:00\",\"dateModified\":\"2025-05-27T17:28:26+00:00\",\"breadcrumb\":{\"@id\":\"https:\/\/www.harner.fr\/lacave\/product\/aop-macon-lugny-les-charmes-chardonnay\/#breadcrumb\"},\"inLanguage\":\"fr-FR\",\"potentialAction\":[{\"@type\":\"ReadAction\",\"target\":[\"https:\/\/www.harner.fr\/lacave\/product\/aop-macon-lugny-les-charmes-chardonnay\/\"]}]},{\"@type\":\"ImageObject\",\"inLanguage\":\"fr-FR\",\"@id\":\"https:\/\/www.harner.fr\/lacave\/product\/aop-macon-lugny-les-charmes-chardonnay\/#primaryimage\",\"url\":\"https:\/\/www.harner.fr\/lacave\/wp-content\/uploads\/sites\/3\/2021\/06\/macon-lugny.jpg\",\"contentUrl\":\"https:\/\/www.harner.fr\/lacave\/wp-content\/uploads\/sites\/3\/2021\/06\/macon-lugny.jpg\",\"width\":1200,\"height\":1600},{\"@type\":\"BreadcrumbList\",\"@id\":\"https:\/\/www.harner.fr\/lacave\/product\/aop-macon-lugny-les-charmes-chardonnay\/#breadcrumb\",\"itemListElement\":[{\"@type\":\"ListItem\",\"position\":1,\"name\":\"Accueil\",\"item\":\"https:\/\/www.harner.fr\/lacave\/\"},{\"@type\":\"ListItem\",\"position\":2,\"name\":\"Shop\",\"item\":\"https:\/\/www.harner.fr\/lacave\/shop\/\"},{\"@type\":\"ListItem\",\"position\":3,\"name\":\"AOP M\u00e2con-Lugny \u00ab\u00a0Les Charmes\u00a0\u00bb\u00a0: Chardonnay\"}]},{\"@type\":\"WebSite\",\"@id\":\"https:\/\/www.harner.fr\/lacave\/#website\",\"url\":\"https:\/\/www.harner.fr\/lacave\/\",\"name\":\"La Cave du Harner\",\"description\":\"Notre s\u00e9lection de vins\",\"publisher\":{\"@id\":\"https:\/\/www.harner.fr\/lacave\/#organization\"},\"potentialAction\":[{\"@type\":\"SearchAction\",\"target\":{\"@type\":\"EntryPoint\",\"urlTemplate\":\"https:\/\/www.harner.fr\/lacave\/?s={search_term_string}\"},\"query-input\":{\"@type\":\"PropertyValueSpecification\",\"valueRequired\":true,\"valueName\":\"search_term_string\"}}],\"inLanguage\":\"fr-FR\"},{\"@type\":\"Organization\",\"@id\":\"https:\/\/www.harner.fr\/lacave\/#organization\",\"name\":\"La Cave du Harner\",\"url\":\"https:\/\/www.harner.fr\/lacave\/\",\"logo\":{\"@type\":\"ImageObject\",\"inLanguage\":\"fr-FR\",\"@id\":\"https:\/\/www.harner.fr\/lacave\/#\/schema\/logo\/image\/\",\"url\":\"https:\/\/www.harner.fr\/lacave\/wp-content\/uploads\/sites\/3\/2021\/06\/cropped-logo.png\",\"contentUrl\":\"https:\/\/www.harner.fr\/lacave\/wp-content\/uploads\/sites\/3\/2021\/06\/cropped-logo.png\",\"width\":349,\"height\":80,\"caption\":\"La Cave du Harner\"},\"image\":{\"@id\":\"https:\/\/www.harner.fr\/lacave\/#\/schema\/logo\/image\/\"}}]}<\/script>\n<!-- \/ Yoast SEO plugin. -->","yoast_head_json":{"title":"AOP M\u00e2con-Lugny \u00ab\u00a0Les Charmes\u00a0\u00bb\u00a0: Chardonnay - La Cave du Harner","robots":{"index":"index","follow":"follow","max-snippet":"max-snippet:-1","max-image-preview":"max-image-preview:large","max-video-preview":"max-video-preview:-1"},"canonical":"https:\/\/www.harner.fr\/lacave\/product\/aop-macon-lugny-les-charmes-chardonnay\/","og_locale":"fr_FR","og_type":"article","og_title":"AOP M\u00e2con-Lugny \u00ab\u00a0Les Charmes\u00a0\u00bb\u00a0: Chardonnay - La Cave du Harner","og_description":"Robe jaune dor\u00e9e aux reflets verts. Au nez on peut trouver des ar\u00f4mes floraux et de fruits (noisettes, agrumes). En bouche, le vin est riche, ample avec une l\u00e9g\u00e8re saveur \u00e9pic\u00e9e.  &nbsp;  Accord mets et vin\u00a0: Volaille \u00e0 la cr\u00e8me, cuisses de grenouilles, petits fours.","og_url":"https:\/\/www.harner.fr\/lacave\/product\/aop-macon-lugny-les-charmes-chardonnay\/","og_site_name":"La Cave du Harner","article_modified_time":"2025-05-27T17:28:26+00:00","og_image":[{"width":1200,"height":1600,"url":"https:\/\/www.harner.fr\/lacave\/wp-content\/uploads\/sites\/3\/2021\/06\/macon-lugny.jpg","type":"image\/jpeg"}],"twitter_card":"summary_large_image","twitter_misc":{"Dur\u00e9e de lecture estim\u00e9e":"1 minute"},"schema":{"@context":"https:\/\/schema.org","@graph":[{"@type":"WebPage","@id":"https:\/\/www.harner.fr\/lacave\/product\/aop-macon-lugny-les-charmes-chardonnay\/","url":"https:\/\/www.harner.fr\/lacave\/product\/aop-macon-lugny-les-charmes-chardonnay\/","name":"AOP M\u00e2con-Lugny \u00ab\u00a0Les Charmes\u00a0\u00bb\u00a0: Chardonnay - La Cave du Harner","isPartOf":{"@id":"https:\/\/www.harner.fr\/lacave\/#website"},"primaryImageOfPage":{"@id":"https:\/\/www.harner.fr\/lacave\/product\/aop-macon-lugny-les-charmes-chardonnay\/#primaryimage"},"image":{"@id":"https:\/\/www.harner.fr\/lacave\/product\/aop-macon-lugny-les-charmes-chardonnay\/#primaryimage"},"thumbnailUrl":"https:\/\/www.harner.fr\/lacave\/wp-content\/uploads\/sites\/3\/2021\/06\/macon-lugny.jpg","datePublished":"2021-06-16T15:08:09+00:00","dateModified":"2025-05-27T17:28:26+00:00","breadcrumb":{"@id":"https:\/\/www.harner.fr\/lacave\/product\/aop-macon-lugny-les-charmes-chardonnay\/#breadcrumb"},"inLanguage":"fr-FR","potentialAction":[{"@type":"ReadAction","target":["https:\/\/www.harner.fr\/lacave\/product\/aop-macon-lugny-les-charmes-chardonnay\/"]}]},{"@type":"ImageObject","inLanguage":"fr-FR","@id":"https:\/\/www.harner.fr\/lacave\/product\/aop-macon-lugny-les-charmes-chardonnay\/#primaryimage","url":"https:\/\/www.harner.fr\/lacave\/wp-content\/uploads\/sites\/3\/2021\/06\/macon-lugny.jpg","contentUrl":"https:\/\/www.harner.fr\/lacave\/wp-content\/uploads\/sites\/3\/2021\/06\/macon-lugny.jpg","width":1200,"height":1600},{"@type":"BreadcrumbList","@id":"https:\/\/www.harner.fr\/lacave\/product\/aop-macon-lugny-les-charmes-chardonnay\/#breadcrumb","itemListElement":[{"@type":"ListItem","position":1,"name":"Accueil","item":"https:\/\/www.harner.fr\/lacave\/"},{"@type":"ListItem","position":2,"name":"Shop","item":"https:\/\/www.harner.fr\/lacave\/shop\/"},{"@type":"ListItem","position":3,"name":"AOP M\u00e2con-Lugny \u00ab\u00a0Les Charmes\u00a0\u00bb\u00a0: Chardonnay"}]},{"@type":"WebSite","@id":"https:\/\/www.harner.fr\/lacave\/#website","url":"https:\/\/www.harner.fr\/lacave\/","name":"La Cave du Harner","description":"Notre s\u00e9lection de vins","publisher":{"@id":"https:\/\/www.harner.fr\/lacave\/#organization"},"potentialAction":[{"@type":"SearchAction","target":{"@type":"EntryPoint","urlTemplate":"https:\/\/www.harner.fr\/lacave\/?s={search_term_string}"},"query-input":{"@type":"PropertyValueSpecification","valueRequired":true,"valueName":"search_term_string"}}],"inLanguage":"fr-FR"},{"@type":"Organization","@id":"https:\/\/www.harner.fr\/lacave\/#organization","name":"La Cave du Harner","url":"https:\/\/www.harner.fr\/lacave\/","logo":{"@type":"ImageObject","inLanguage":"fr-FR","@id":"https:\/\/www.harner.fr\/lacave\/#\/schema\/logo\/image\/","url":"https:\/\/www.harner.fr\/lacave\/wp-content\/uploads\/sites\/3\/2021\/06\/cropped-logo.png","contentUrl":"https:\/\/www.harner.fr\/lacave\/wp-content\/uploads\/sites\/3\/2021\/06\/cropped-logo.png","width":349,"height":80,"caption":"La Cave du Harner"},"image":{"@id":"https:\/\/www.harner.fr\/lacave\/#\/schema\/logo\/image\/"}}]}},"_links":{"self":[{"href":"https:\/\/www.harner.fr\/lacave\/wp-json\/wp\/v2\/product\/3415","targetHints":{"allow":["GET"]}}],"collection":[{"href":"https:\/\/www.harner.fr\/lacave\/wp-json\/wp\/v2\/product"}],"about":[{"href":"https:\/\/www.harner.fr\/lacave\/wp-json\/wp\/v2\/types\/product"}],"wp:featuredmedia":[{"embeddable":true,"href":"https:\/\/www.harner.fr\/lacave\/wp-json\/wp\/v2\/media\/3457"}],"wp:attachment":[{"href":"https:\/\/www.harner.fr\/lacave\/wp-json\/wp\/v2\/media?parent=3415"}],"wp:term":[{"taxonomy":"product_brand","embeddable":true,"href":"https:\/\/www.harner.fr\/lacave\/wp-json\/wp\/v2\/product_brand?post=3415"},{"taxonomy":"product_cat","embeddable":true,"href":"https:\/\/www.harner.fr\/lacave\/wp-json\/wp\/v2\/product_cat?post=3415"},{"taxonomy":"product_tag","embeddable":true,"href":"https:\/\/www.harner.fr\/lacave\/wp-json\/wp\/v2\/product_tag?post=3415"}],"curies":[{"name":"wp","href":"https:\/\/api.w.org\/{rel}","templated":true}]}}