{"id":3412,"date":"2021-06-16T17:08:08","date_gmt":"2021-06-16T15:08:08","guid":{"rendered":"https:\/\/www.harner.fr\/2021multisites\/lacave\/?post_type=product&#038;p=3412"},"modified":"2021-06-16T17:08:45","modified_gmt":"2021-06-16T15:08:45","slug":"aop-graves-sauvignon","status":"publish","type":"product","link":"https:\/\/www.harner.fr\/lacave\/product\/aop-graves-sauvignon\/","title":{"rendered":"AOP Graves\u00a0: Sauvignon"},"content":{"rendered":"","protected":false},"excerpt":{"rendered":"<p>Robe jaune dor\u00e9e et claire. Le nez d\u00e9livre des notes de fleur blanche, avec une certaine min\u00e9ralit\u00e9. La bouche offre un beau volume avec de l\u2019amplitude et un tr\u00e8s bon \u00e9quilibre. <\/p>\n<p>Accord mets et vin\u00a0: Blanquette de veau, comt\u00e9, risotto.<\/p>\n","protected":false},"featured_media":3454,"template":"","meta":[],"product_brand":[],"product_cat":[25,31,32],"product_tag":[],"class_list":{"0":"post-3412","1":"product","2":"type-product","3":"status-publish","4":"has-post-thumbnail","6":"product_cat-la-selection-du-harner","7":"product_cat-vins","8":"product_cat-vins-blancs","10":"first","11":"instock","12":"shipping-taxable","13":"purchasable","14":"product-type-simple"},"yoast_head":"<!-- This site is optimized with the Yoast SEO plugin v25.3 - https:\/\/yoast.com\/wordpress\/plugins\/seo\/ -->\n<title>AOP Graves\u00a0: Sauvignon - La Cave du Harner<\/title>\n<meta name=\"robots\" content=\"index, follow, max-snippet:-1, max-image-preview:large, max-video-preview:-1\" \/>\n<link rel=\"canonical\" href=\"https:\/\/www.harner.fr\/lacave\/product\/aop-graves-sauvignon\/\" \/>\n<meta property=\"og:locale\" content=\"fr_FR\" \/>\n<meta property=\"og:type\" content=\"article\" \/>\n<meta property=\"og:title\" content=\"AOP Graves\u00a0: Sauvignon - La Cave du Harner\" \/>\n<meta property=\"og:description\" content=\"Robe jaune dor\u00e9e et claire. Le nez d\u00e9livre des notes de fleur blanche, avec une certaine min\u00e9ralit\u00e9. La bouche offre un beau volume avec de l\u2019amplitude et un tr\u00e8s bon \u00e9quilibre.    Accord mets et vin\u00a0: Blanquette de veau, comt\u00e9, risotto.\" \/>\n<meta property=\"og:url\" content=\"https:\/\/www.harner.fr\/lacave\/product\/aop-graves-sauvignon\/\" \/>\n<meta property=\"og:site_name\" content=\"La Cave du Harner\" \/>\n<meta property=\"article:modified_time\" content=\"2021-06-16T15:08:45+00:00\" \/>\n<meta property=\"og:image\" content=\"https:\/\/www.harner.fr\/lacave\/wp-content\/uploads\/sites\/3\/2021\/06\/chateau-trebiac-1.jpg\" \/>\n\t<meta property=\"og:image:width\" content=\"1200\" \/>\n\t<meta property=\"og:image:height\" content=\"1600\" \/>\n\t<meta property=\"og:image:type\" content=\"image\/jpeg\" \/>\n<meta name=\"twitter:card\" content=\"summary_large_image\" \/>\n<script type=\"application\/ld+json\" class=\"yoast-schema-graph\">{\"@context\":\"https:\/\/schema.org\",\"@graph\":[{\"@type\":\"WebPage\",\"@id\":\"https:\/\/www.harner.fr\/lacave\/product\/aop-graves-sauvignon\/\",\"url\":\"https:\/\/www.harner.fr\/lacave\/product\/aop-graves-sauvignon\/\",\"name\":\"AOP Graves\u00a0: Sauvignon - La Cave du Harner\",\"isPartOf\":{\"@id\":\"https:\/\/www.harner.fr\/lacave\/#website\"},\"primaryImageOfPage\":{\"@id\":\"https:\/\/www.harner.fr\/lacave\/product\/aop-graves-sauvignon\/#primaryimage\"},\"image\":{\"@id\":\"https:\/\/www.harner.fr\/lacave\/product\/aop-graves-sauvignon\/#primaryimage\"},\"thumbnailUrl\":\"https:\/\/www.harner.fr\/lacave\/wp-content\/uploads\/sites\/3\/2021\/06\/chateau-trebiac-1.jpg\",\"datePublished\":\"2021-06-16T15:08:08+00:00\",\"dateModified\":\"2021-06-16T15:08:45+00:00\",\"breadcrumb\":{\"@id\":\"https:\/\/www.harner.fr\/lacave\/product\/aop-graves-sauvignon\/#breadcrumb\"},\"inLanguage\":\"fr-FR\",\"potentialAction\":[{\"@type\":\"ReadAction\",\"target\":[\"https:\/\/www.harner.fr\/lacave\/product\/aop-graves-sauvignon\/\"]}]},{\"@type\":\"ImageObject\",\"inLanguage\":\"fr-FR\",\"@id\":\"https:\/\/www.harner.fr\/lacave\/product\/aop-graves-sauvignon\/#primaryimage\",\"url\":\"https:\/\/www.harner.fr\/lacave\/wp-content\/uploads\/sites\/3\/2021\/06\/chateau-trebiac-1.jpg\",\"contentUrl\":\"https:\/\/www.harner.fr\/lacave\/wp-content\/uploads\/sites\/3\/2021\/06\/chateau-trebiac-1.jpg\",\"width\":1200,\"height\":1600},{\"@type\":\"BreadcrumbList\",\"@id\":\"https:\/\/www.harner.fr\/lacave\/product\/aop-graves-sauvignon\/#breadcrumb\",\"itemListElement\":[{\"@type\":\"ListItem\",\"position\":1,\"name\":\"Accueil\",\"item\":\"https:\/\/www.harner.fr\/lacave\/\"},{\"@type\":\"ListItem\",\"position\":2,\"name\":\"Shop\",\"item\":\"https:\/\/www.harner.fr\/lacave\/shop\/\"},{\"@type\":\"ListItem\",\"position\":3,\"name\":\"AOP Graves\u00a0: Sauvignon\"}]},{\"@type\":\"WebSite\",\"@id\":\"https:\/\/www.harner.fr\/lacave\/#website\",\"url\":\"https:\/\/www.harner.fr\/lacave\/\",\"name\":\"La Cave du Harner\",\"description\":\"Notre s\u00e9lection de vins\",\"publisher\":{\"@id\":\"https:\/\/www.harner.fr\/lacave\/#organization\"},\"potentialAction\":[{\"@type\":\"SearchAction\",\"target\":{\"@type\":\"EntryPoint\",\"urlTemplate\":\"https:\/\/www.harner.fr\/lacave\/?s={search_term_string}\"},\"query-input\":{\"@type\":\"PropertyValueSpecification\",\"valueRequired\":true,\"valueName\":\"search_term_string\"}}],\"inLanguage\":\"fr-FR\"},{\"@type\":\"Organization\",\"@id\":\"https:\/\/www.harner.fr\/lacave\/#organization\",\"name\":\"La Cave du Harner\",\"url\":\"https:\/\/www.harner.fr\/lacave\/\",\"logo\":{\"@type\":\"ImageObject\",\"inLanguage\":\"fr-FR\",\"@id\":\"https:\/\/www.harner.fr\/lacave\/#\/schema\/logo\/image\/\",\"url\":\"https:\/\/www.harner.fr\/lacave\/wp-content\/uploads\/sites\/3\/2021\/06\/cropped-logo.png\",\"contentUrl\":\"https:\/\/www.harner.fr\/lacave\/wp-content\/uploads\/sites\/3\/2021\/06\/cropped-logo.png\",\"width\":349,\"height\":80,\"caption\":\"La Cave du Harner\"},\"image\":{\"@id\":\"https:\/\/www.harner.fr\/lacave\/#\/schema\/logo\/image\/\"}}]}<\/script>\n<!-- \/ Yoast SEO plugin. -->","yoast_head_json":{"title":"AOP Graves\u00a0: Sauvignon - La Cave du Harner","robots":{"index":"index","follow":"follow","max-snippet":"max-snippet:-1","max-image-preview":"max-image-preview:large","max-video-preview":"max-video-preview:-1"},"canonical":"https:\/\/www.harner.fr\/lacave\/product\/aop-graves-sauvignon\/","og_locale":"fr_FR","og_type":"article","og_title":"AOP Graves\u00a0: Sauvignon - La Cave du Harner","og_description":"Robe jaune dor\u00e9e et claire. Le nez d\u00e9livre des notes de fleur blanche, avec une certaine min\u00e9ralit\u00e9. La bouche offre un beau volume avec de l\u2019amplitude et un tr\u00e8s bon \u00e9quilibre.    Accord mets et vin\u00a0: Blanquette de veau, comt\u00e9, risotto.","og_url":"https:\/\/www.harner.fr\/lacave\/product\/aop-graves-sauvignon\/","og_site_name":"La Cave du Harner","article_modified_time":"2021-06-16T15:08:45+00:00","og_image":[{"width":1200,"height":1600,"url":"https:\/\/www.harner.fr\/lacave\/wp-content\/uploads\/sites\/3\/2021\/06\/chateau-trebiac-1.jpg","type":"image\/jpeg"}],"twitter_card":"summary_large_image","schema":{"@context":"https:\/\/schema.org","@graph":[{"@type":"WebPage","@id":"https:\/\/www.harner.fr\/lacave\/product\/aop-graves-sauvignon\/","url":"https:\/\/www.harner.fr\/lacave\/product\/aop-graves-sauvignon\/","name":"AOP Graves\u00a0: Sauvignon - La Cave du Harner","isPartOf":{"@id":"https:\/\/www.harner.fr\/lacave\/#website"},"primaryImageOfPage":{"@id":"https:\/\/www.harner.fr\/lacave\/product\/aop-graves-sauvignon\/#primaryimage"},"image":{"@id":"https:\/\/www.harner.fr\/lacave\/product\/aop-graves-sauvignon\/#primaryimage"},"thumbnailUrl":"https:\/\/www.harner.fr\/lacave\/wp-content\/uploads\/sites\/3\/2021\/06\/chateau-trebiac-1.jpg","datePublished":"2021-06-16T15:08:08+00:00","dateModified":"2021-06-16T15:08:45+00:00","breadcrumb":{"@id":"https:\/\/www.harner.fr\/lacave\/product\/aop-graves-sauvignon\/#breadcrumb"},"inLanguage":"fr-FR","potentialAction":[{"@type":"ReadAction","target":["https:\/\/www.harner.fr\/lacave\/product\/aop-graves-sauvignon\/"]}]},{"@type":"ImageObject","inLanguage":"fr-FR","@id":"https:\/\/www.harner.fr\/lacave\/product\/aop-graves-sauvignon\/#primaryimage","url":"https:\/\/www.harner.fr\/lacave\/wp-content\/uploads\/sites\/3\/2021\/06\/chateau-trebiac-1.jpg","contentUrl":"https:\/\/www.harner.fr\/lacave\/wp-content\/uploads\/sites\/3\/2021\/06\/chateau-trebiac-1.jpg","width":1200,"height":1600},{"@type":"BreadcrumbList","@id":"https:\/\/www.harner.fr\/lacave\/product\/aop-graves-sauvignon\/#breadcrumb","itemListElement":[{"@type":"ListItem","position":1,"name":"Accueil","item":"https:\/\/www.harner.fr\/lacave\/"},{"@type":"ListItem","position":2,"name":"Shop","item":"https:\/\/www.harner.fr\/lacave\/shop\/"},{"@type":"ListItem","position":3,"name":"AOP Graves\u00a0: Sauvignon"}]},{"@type":"WebSite","@id":"https:\/\/www.harner.fr\/lacave\/#website","url":"https:\/\/www.harner.fr\/lacave\/","name":"La Cave du Harner","description":"Notre s\u00e9lection de vins","publisher":{"@id":"https:\/\/www.harner.fr\/lacave\/#organization"},"potentialAction":[{"@type":"SearchAction","target":{"@type":"EntryPoint","urlTemplate":"https:\/\/www.harner.fr\/lacave\/?s={search_term_string}"},"query-input":{"@type":"PropertyValueSpecification","valueRequired":true,"valueName":"search_term_string"}}],"inLanguage":"fr-FR"},{"@type":"Organization","@id":"https:\/\/www.harner.fr\/lacave\/#organization","name":"La Cave du Harner","url":"https:\/\/www.harner.fr\/lacave\/","logo":{"@type":"ImageObject","inLanguage":"fr-FR","@id":"https:\/\/www.harner.fr\/lacave\/#\/schema\/logo\/image\/","url":"https:\/\/www.harner.fr\/lacave\/wp-content\/uploads\/sites\/3\/2021\/06\/cropped-logo.png","contentUrl":"https:\/\/www.harner.fr\/lacave\/wp-content\/uploads\/sites\/3\/2021\/06\/cropped-logo.png","width":349,"height":80,"caption":"La Cave du Harner"},"image":{"@id":"https:\/\/www.harner.fr\/lacave\/#\/schema\/logo\/image\/"}}]}},"_links":{"self":[{"href":"https:\/\/www.harner.fr\/lacave\/wp-json\/wp\/v2\/product\/3412","targetHints":{"allow":["GET"]}}],"collection":[{"href":"https:\/\/www.harner.fr\/lacave\/wp-json\/wp\/v2\/product"}],"about":[{"href":"https:\/\/www.harner.fr\/lacave\/wp-json\/wp\/v2\/types\/product"}],"wp:featuredmedia":[{"embeddable":true,"href":"https:\/\/www.harner.fr\/lacave\/wp-json\/wp\/v2\/media\/3454"}],"wp:attachment":[{"href":"https:\/\/www.harner.fr\/lacave\/wp-json\/wp\/v2\/media?parent=3412"}],"wp:term":[{"taxonomy":"product_brand","embeddable":true,"href":"https:\/\/www.harner.fr\/lacave\/wp-json\/wp\/v2\/product_brand?post=3412"},{"taxonomy":"product_cat","embeddable":true,"href":"https:\/\/www.harner.fr\/lacave\/wp-json\/wp\/v2\/product_cat?post=3412"},{"taxonomy":"product_tag","embeddable":true,"href":"https:\/\/www.harner.fr\/lacave\/wp-json\/wp\/v2\/product_tag?post=3412"}],"curies":[{"name":"wp","href":"https:\/\/api.w.org\/{rel}","templated":true}]}}