{"id":6535,"date":"2021-06-17T09:27:41","date_gmt":"2021-06-17T07:27:41","guid":{"rendered":"https:\/\/www.harner.fr\/2021multisites\/commander-en-ligne\/?post_type=product&#038;p=6535"},"modified":"2024-01-16T18:48:34","modified_gmt":"2024-01-16T17:48:34","slug":"beignets-a-la-viande-sambousek-be-lahme","status":"publish","type":"product","link":"https:\/\/www.harner.fr\/commander-en-ligne\/produit\/beignets-a-la-viande-sambousek-be-lahme\/","title":{"rendered":"Beignets \u00e0 la viande \/ Sambousek be Lahme"},"content":{"rendered":"","protected":false},"excerpt":{"rendered":"<p><span style=\"font-size: 14px;\"><em>4 boulettes \u00e0 la viande de boeuf hach\u00e9e, pignons de pin et 7 \u00e9pices.<\/em><\/span><\/p>\n","protected":false},"featured_media":6666,"template":"","meta":[],"product_brand":[],"product_cat":[31],"product_tag":[],"class_list":{"0":"post-6535","1":"product","2":"type-product","3":"status-publish","4":"has-post-thumbnail","6":"product_cat-nos-mezzes-libanais","8":"first","9":"instock","10":"shipping-taxable","11":"purchasable","12":"product-type-simple"},"yoast_head":"<!-- This site is optimized with the Yoast SEO plugin v25.3 - https:\/\/yoast.com\/wordpress\/plugins\/seo\/ -->\n<title>Beignets \u00e0 la viande \/ Sambousek be Lahme - Commander en Ligne<\/title>\n<meta name=\"robots\" content=\"index, follow, max-snippet:-1, max-image-preview:large, max-video-preview:-1\" \/>\n<link rel=\"canonical\" href=\"https:\/\/www.harner.fr\/commander-en-ligne\/produit\/beignets-a-la-viande-sambousek-be-lahme\/\" \/>\n<meta property=\"og:locale\" content=\"fr_FR\" \/>\n<meta property=\"og:type\" content=\"article\" \/>\n<meta property=\"og:title\" content=\"Beignets \u00e0 la viande \/ Sambousek be Lahme - Commander en Ligne\" \/>\n<meta property=\"og:description\" content=\"4 boulettes \u00e0 la viande de boeuf hach\u00e9e, pignons de pin et 7 \u00e9pices.\" \/>\n<meta property=\"og:url\" content=\"https:\/\/www.harner.fr\/commander-en-ligne\/produit\/beignets-a-la-viande-sambousek-be-lahme\/\" \/>\n<meta property=\"og:site_name\" content=\"Commander en Ligne\" \/>\n<meta property=\"article:modified_time\" content=\"2024-01-16T17:48:34+00:00\" \/>\n<meta property=\"og:image\" content=\"https:\/\/www.harner.fr\/commander-en-ligne\/wp-content\/uploads\/sites\/2\/2021\/06\/mezzes-1.jpg\" \/>\n\t<meta property=\"og:image:width\" content=\"800\" \/>\n\t<meta property=\"og:image:height\" content=\"800\" \/>\n\t<meta property=\"og:image:type\" content=\"image\/jpeg\" \/>\n<meta name=\"twitter:card\" content=\"summary_large_image\" \/>\n<script type=\"application\/ld+json\" class=\"yoast-schema-graph\">{\"@context\":\"https:\/\/schema.org\",\"@graph\":[{\"@type\":\"WebPage\",\"@id\":\"https:\/\/www.harner.fr\/commander-en-ligne\/produit\/beignets-a-la-viande-sambousek-be-lahme\/\",\"url\":\"https:\/\/www.harner.fr\/commander-en-ligne\/produit\/beignets-a-la-viande-sambousek-be-lahme\/\",\"name\":\"Beignets \u00e0 la viande \/ Sambousek be Lahme - Commander en Ligne\",\"isPartOf\":{\"@id\":\"https:\/\/www.harner.fr\/commander-en-ligne\/#website\"},\"primaryImageOfPage\":{\"@id\":\"https:\/\/www.harner.fr\/commander-en-ligne\/produit\/beignets-a-la-viande-sambousek-be-lahme\/#primaryimage\"},\"image\":{\"@id\":\"https:\/\/www.harner.fr\/commander-en-ligne\/produit\/beignets-a-la-viande-sambousek-be-lahme\/#primaryimage\"},\"thumbnailUrl\":\"https:\/\/www.harner.fr\/commander-en-ligne\/wp-content\/uploads\/sites\/2\/2021\/06\/mezzes-1.jpg\",\"datePublished\":\"2021-06-17T07:27:41+00:00\",\"dateModified\":\"2024-01-16T17:48:34+00:00\",\"breadcrumb\":{\"@id\":\"https:\/\/www.harner.fr\/commander-en-ligne\/produit\/beignets-a-la-viande-sambousek-be-lahme\/#breadcrumb\"},\"inLanguage\":\"fr-FR\",\"potentialAction\":[{\"@type\":\"ReadAction\",\"target\":[\"https:\/\/www.harner.fr\/commander-en-ligne\/produit\/beignets-a-la-viande-sambousek-be-lahme\/\"]}]},{\"@type\":\"ImageObject\",\"inLanguage\":\"fr-FR\",\"@id\":\"https:\/\/www.harner.fr\/commander-en-ligne\/produit\/beignets-a-la-viande-sambousek-be-lahme\/#primaryimage\",\"url\":\"https:\/\/www.harner.fr\/commander-en-ligne\/wp-content\/uploads\/sites\/2\/2021\/06\/mezzes-1.jpg\",\"contentUrl\":\"https:\/\/www.harner.fr\/commander-en-ligne\/wp-content\/uploads\/sites\/2\/2021\/06\/mezzes-1.jpg\",\"width\":800,\"height\":800},{\"@type\":\"BreadcrumbList\",\"@id\":\"https:\/\/www.harner.fr\/commander-en-ligne\/produit\/beignets-a-la-viande-sambousek-be-lahme\/#breadcrumb\",\"itemListElement\":[{\"@type\":\"ListItem\",\"position\":1,\"name\":\"Accueil\",\"item\":\"https:\/\/www.harner.fr\/commander-en-ligne\/\"},{\"@type\":\"ListItem\",\"position\":2,\"name\":\"Boutique\",\"item\":\"https:\/\/www.harner.fr\/commander-en-ligne\/boutique\/\"},{\"@type\":\"ListItem\",\"position\":3,\"name\":\"Beignets \u00e0 la viande \/ Sambousek be Lahme\"}]},{\"@type\":\"WebSite\",\"@id\":\"https:\/\/www.harner.fr\/commander-en-ligne\/#website\",\"url\":\"https:\/\/www.harner.fr\/commander-en-ligne\/\",\"name\":\"Commander en Ligne\",\"description\":\"Le Harner\",\"publisher\":{\"@id\":\"https:\/\/www.harner.fr\/commander-en-ligne\/#organization\"},\"potentialAction\":[{\"@type\":\"SearchAction\",\"target\":{\"@type\":\"EntryPoint\",\"urlTemplate\":\"https:\/\/www.harner.fr\/commander-en-ligne\/?s={search_term_string}\"},\"query-input\":{\"@type\":\"PropertyValueSpecification\",\"valueRequired\":true,\"valueName\":\"search_term_string\"}}],\"inLanguage\":\"fr-FR\"},{\"@type\":\"Organization\",\"@id\":\"https:\/\/www.harner.fr\/commander-en-ligne\/#organization\",\"name\":\"Commander en Ligne\",\"url\":\"https:\/\/www.harner.fr\/commander-en-ligne\/\",\"logo\":{\"@type\":\"ImageObject\",\"inLanguage\":\"fr-FR\",\"@id\":\"https:\/\/www.harner.fr\/commander-en-ligne\/#\/schema\/logo\/image\/\",\"url\":\"https:\/\/www.harner.fr\/commander-en-ligne\/wp-content\/uploads\/sites\/2\/2021\/06\/cropped-logo_soge.png\",\"contentUrl\":\"https:\/\/www.harner.fr\/commander-en-ligne\/wp-content\/uploads\/sites\/2\/2021\/06\/cropped-logo_soge.png\",\"width\":169,\"height\":80,\"caption\":\"Commander en Ligne\"},\"image\":{\"@id\":\"https:\/\/www.harner.fr\/commander-en-ligne\/#\/schema\/logo\/image\/\"}}]}<\/script>\n<!-- \/ Yoast SEO plugin. -->","yoast_head_json":{"title":"Beignets \u00e0 la viande \/ Sambousek be Lahme - Commander en Ligne","robots":{"index":"index","follow":"follow","max-snippet":"max-snippet:-1","max-image-preview":"max-image-preview:large","max-video-preview":"max-video-preview:-1"},"canonical":"https:\/\/www.harner.fr\/commander-en-ligne\/produit\/beignets-a-la-viande-sambousek-be-lahme\/","og_locale":"fr_FR","og_type":"article","og_title":"Beignets \u00e0 la viande \/ Sambousek be Lahme - Commander en Ligne","og_description":"4 boulettes \u00e0 la viande de boeuf hach\u00e9e, pignons de pin et 7 \u00e9pices.","og_url":"https:\/\/www.harner.fr\/commander-en-ligne\/produit\/beignets-a-la-viande-sambousek-be-lahme\/","og_site_name":"Commander en Ligne","article_modified_time":"2024-01-16T17:48:34+00:00","og_image":[{"width":800,"height":800,"url":"https:\/\/www.harner.fr\/commander-en-ligne\/wp-content\/uploads\/sites\/2\/2021\/06\/mezzes-1.jpg","type":"image\/jpeg"}],"twitter_card":"summary_large_image","schema":{"@context":"https:\/\/schema.org","@graph":[{"@type":"WebPage","@id":"https:\/\/www.harner.fr\/commander-en-ligne\/produit\/beignets-a-la-viande-sambousek-be-lahme\/","url":"https:\/\/www.harner.fr\/commander-en-ligne\/produit\/beignets-a-la-viande-sambousek-be-lahme\/","name":"Beignets \u00e0 la viande \/ Sambousek be Lahme - Commander en Ligne","isPartOf":{"@id":"https:\/\/www.harner.fr\/commander-en-ligne\/#website"},"primaryImageOfPage":{"@id":"https:\/\/www.harner.fr\/commander-en-ligne\/produit\/beignets-a-la-viande-sambousek-be-lahme\/#primaryimage"},"image":{"@id":"https:\/\/www.harner.fr\/commander-en-ligne\/produit\/beignets-a-la-viande-sambousek-be-lahme\/#primaryimage"},"thumbnailUrl":"https:\/\/www.harner.fr\/commander-en-ligne\/wp-content\/uploads\/sites\/2\/2021\/06\/mezzes-1.jpg","datePublished":"2021-06-17T07:27:41+00:00","dateModified":"2024-01-16T17:48:34+00:00","breadcrumb":{"@id":"https:\/\/www.harner.fr\/commander-en-ligne\/produit\/beignets-a-la-viande-sambousek-be-lahme\/#breadcrumb"},"inLanguage":"fr-FR","potentialAction":[{"@type":"ReadAction","target":["https:\/\/www.harner.fr\/commander-en-ligne\/produit\/beignets-a-la-viande-sambousek-be-lahme\/"]}]},{"@type":"ImageObject","inLanguage":"fr-FR","@id":"https:\/\/www.harner.fr\/commander-en-ligne\/produit\/beignets-a-la-viande-sambousek-be-lahme\/#primaryimage","url":"https:\/\/www.harner.fr\/commander-en-ligne\/wp-content\/uploads\/sites\/2\/2021\/06\/mezzes-1.jpg","contentUrl":"https:\/\/www.harner.fr\/commander-en-ligne\/wp-content\/uploads\/sites\/2\/2021\/06\/mezzes-1.jpg","width":800,"height":800},{"@type":"BreadcrumbList","@id":"https:\/\/www.harner.fr\/commander-en-ligne\/produit\/beignets-a-la-viande-sambousek-be-lahme\/#breadcrumb","itemListElement":[{"@type":"ListItem","position":1,"name":"Accueil","item":"https:\/\/www.harner.fr\/commander-en-ligne\/"},{"@type":"ListItem","position":2,"name":"Boutique","item":"https:\/\/www.harner.fr\/commander-en-ligne\/boutique\/"},{"@type":"ListItem","position":3,"name":"Beignets \u00e0 la viande \/ Sambousek be Lahme"}]},{"@type":"WebSite","@id":"https:\/\/www.harner.fr\/commander-en-ligne\/#website","url":"https:\/\/www.harner.fr\/commander-en-ligne\/","name":"Commander en Ligne","description":"Le Harner","publisher":{"@id":"https:\/\/www.harner.fr\/commander-en-ligne\/#organization"},"potentialAction":[{"@type":"SearchAction","target":{"@type":"EntryPoint","urlTemplate":"https:\/\/www.harner.fr\/commander-en-ligne\/?s={search_term_string}"},"query-input":{"@type":"PropertyValueSpecification","valueRequired":true,"valueName":"search_term_string"}}],"inLanguage":"fr-FR"},{"@type":"Organization","@id":"https:\/\/www.harner.fr\/commander-en-ligne\/#organization","name":"Commander en Ligne","url":"https:\/\/www.harner.fr\/commander-en-ligne\/","logo":{"@type":"ImageObject","inLanguage":"fr-FR","@id":"https:\/\/www.harner.fr\/commander-en-ligne\/#\/schema\/logo\/image\/","url":"https:\/\/www.harner.fr\/commander-en-ligne\/wp-content\/uploads\/sites\/2\/2021\/06\/cropped-logo_soge.png","contentUrl":"https:\/\/www.harner.fr\/commander-en-ligne\/wp-content\/uploads\/sites\/2\/2021\/06\/cropped-logo_soge.png","width":169,"height":80,"caption":"Commander en Ligne"},"image":{"@id":"https:\/\/www.harner.fr\/commander-en-ligne\/#\/schema\/logo\/image\/"}}]}},"_links":{"self":[{"href":"https:\/\/www.harner.fr\/commander-en-ligne\/wp-json\/wp\/v2\/product\/6535","targetHints":{"allow":["GET"]}}],"collection":[{"href":"https:\/\/www.harner.fr\/commander-en-ligne\/wp-json\/wp\/v2\/product"}],"about":[{"href":"https:\/\/www.harner.fr\/commander-en-ligne\/wp-json\/wp\/v2\/types\/product"}],"wp:featuredmedia":[{"embeddable":true,"href":"https:\/\/www.harner.fr\/commander-en-ligne\/wp-json\/wp\/v2\/media\/6666"}],"wp:attachment":[{"href":"https:\/\/www.harner.fr\/commander-en-ligne\/wp-json\/wp\/v2\/media?parent=6535"}],"wp:term":[{"taxonomy":"product_brand","embeddable":true,"href":"https:\/\/www.harner.fr\/commander-en-ligne\/wp-json\/wp\/v2\/product_brand?post=6535"},{"taxonomy":"product_cat","embeddable":true,"href":"https:\/\/www.harner.fr\/commander-en-ligne\/wp-json\/wp\/v2\/product_cat?post=6535"},{"taxonomy":"product_tag","embeddable":true,"href":"https:\/\/www.harner.fr\/commander-en-ligne\/wp-json\/wp\/v2\/product_tag?post=6535"}],"curies":[{"name":"wp","href":"https:\/\/api.w.org\/{rel}","templated":true}]}}